{"id":3467,"date":"2021-06-09T09:43:21","date_gmt":"2021-06-09T14:43:21","guid":{"rendered":"https:\/\/elligno.com\/?page_id=3467"},"modified":"2024-05-24T11:17:40","modified_gmt":"2024-05-24T16:17:40","slug":"industrie-simulation","status":"publish","type":"page","link":"https:\/\/elligno.com\/fr\/portfolio\/industrie-simulation\/","title":{"rendered":"Industrie Simulation"},"content":{"rendered":"\n<h1 class=\"wp-block-heading\">Projets Simulation<\/h1>\n\n\n\n<h2 class=\"wp-block-heading\">R\u00e9alit\u00e9 Virtuelle (IKEA Virtual Planner)<\/h2>\n\n\n\n<h3 class=\"wp-block-heading\"><strong>Titre<\/strong>:&nbsp;D\u00e9veloppeur&nbsp;de logiciel&nbsp;C++\/3D&nbsp;<\/h3>\n\n\n\n<h3 class=\"wp-block-heading\"><strong>Projet<\/strong>\u202f(<strong>IKEA Virtual Planner<\/strong>):&nbsp;Application&nbsp;de design d\u2019int\u00e9rieur&nbsp;de cuisine&nbsp;qui&nbsp;int\u00e8gre&nbsp;la technologie de la r\u00e9alit\u00e9 virtuelle<\/h3>\n\n\n\n<p><strong>Programmation<\/strong> C++, math&nbsp;3D, librairie FBX (Autodesk)&nbsp;<\/p>\n\n\n\n<p><strong>Mandat<\/strong> d\u00e9velopper une application (module) qui permet de convertir des mod\u00e8les 3D (cuisine au complet),&nbsp;du format interne vers le&nbsp;format FBX Autodesk&nbsp;(<a href=\"https:\/\/www.autodesk.com\/products\/fbx\/overview\" target=\"_blank\" rel=\"noreferrer noopener\">http:\/\/www.autodesk.com\/products\/fbx\/overview<\/a>&nbsp;) afin d\u2019\u00eatre visualis\u00e9 par un moteur de r\u00e9alit\u00e9 virtuelle tel qu\u2019UNREAL.&nbsp;<\/p>\n\n\n\n<p><strong>Description<\/strong> Prototype de la nouvelle g\u00e9n\u00e9ration de l\u2019application de design d\u2019int\u00e9rieur de cuisine afin d\u2019\u00e9valuer la faisabilit\u00e9 de l\u2019utilisation de la r\u00e9alit\u00e9 virtuelle. L\u2019utilisateur est plong\u00e9 v\u00e9ritablement dans l\u2019environnement tridimensionnel (casque 3D) d\u2019une cuisine.&nbsp;L\u2019utilisateur pourra b\u00e9n\u00e9ficier d\u2019une vue compl\u00e8te \u00e0 360\u00b0, mais \u00e9galement de se promener autour des mod\u00e8les virtuels et de ressentir les mesures et ainsi rendre l\u2019exp\u00e9rience plus r\u00e9aliste. Le principal avantage est d\u2019\u00eatre en mesure d\u2019exp\u00e9rimenter diff\u00e9rents scenarios&nbsp;de&nbsp;design&nbsp;et rendre l\u2019exp\u00e9rience&nbsp;plus r\u00e9aliste.<\/p>\n\n\n\n<p><strong>Technologie <\/strong>Cuisine 3D est un containeur de mod\u00e8les 3D tels que chaises, armoires, murs, fen\u00eatres, etc. \u2026 connect\u00e9 par une relation hi\u00e9rarchique de n\u0153uds (info g\u00e9om\u00e9trique, orientation, position) que l\u2019on appelle \u201cscene graph\u201d. En termes simples, un \u2018scene graph\u2019 est une repr\u00e9sentation du monde par un ensemble de n\u0153uds reli\u00e9s par une relation &lsquo;child\u2019 ou &lsquo;sibling\u2019. Par exemple, un n\u0153ud peut repr\u00e9senter une entit\u00e9 dans le monde telle qu&rsquo;une chaise. Le n\u0153ud sup\u00e9rieur de la sc\u00e8ne appel\u00e9&nbsp;le n\u0153ud \u2018root\u2019, poss\u00e8de une liste &lsquo;child\u2019 ainsi qu&rsquo;une transformation dans l&rsquo;espace 3D. La transformation associ\u00e9e au n\u0153ud est compos\u00e9e de trois aspects, \u00e0 savoir la position, la rotation et l&rsquo;\u00e9chelle. Le moteur de rendu doit traverser cet organigramme pour pouvoir afficher.<\/p>\n\n\n\n<p><strong>T\u00e2che principale <\/strong>Reproduire le \u2018scene graph\u2019 au format Autodesk FBX, r\u00e9utiliser et adapter certains algorithmes de leurs&nbsp;biblioth\u00e8ques pour extraire les informations sur les n\u0153uds du scene graph original afin de reproduire l&rsquo;environnement 3D dans le nouveau format FBX Autodesk.&nbsp;<\/p>\n\n\n\n<p>Extraire les donn\u00e9es du mod\u00e8le 3D (repr\u00e9sentation 3D de la cuisine) format interne (repr\u00e9sentation graphique 3D de la pi\u00e8ce) et de reproduire (re-\u00e9criture) l\u2019\u00e9quivalent avec la technologie FBX.<\/p>\n\n\n\n<p>Ci-dessous le maillage complet de la cuisine<\/p>\n\n\n\n<figure class=\"wp-block-image size-large\"><img loading=\"lazy\" decoding=\"async\" width=\"1030\" height=\"461\" src=\"https:\/\/elligno.com\/wp-content\/uploads\/2021\/06\/Tech2020Room-1030x461.png\" alt=\"\" class=\"wp-image-3477\" srcset=\"https:\/\/elligno.com\/wp-content\/uploads\/2021\/06\/Tech2020Room-1030x461.png 1030w, https:\/\/elligno.com\/wp-content\/uploads\/2021\/06\/Tech2020Room-300x134.png 300w, https:\/\/elligno.com\/wp-content\/uploads\/2021\/06\/Tech2020Room-768x344.png 768w, https:\/\/elligno.com\/wp-content\/uploads\/2021\/06\/Tech2020Room-1536x688.png 1536w, https:\/\/elligno.com\/wp-content\/uploads\/2021\/06\/Tech2020Room-2048x917.png 2048w, https:\/\/elligno.com\/wp-content\/uploads\/2021\/06\/Tech2020Room-1500x672.png 1500w, https:\/\/elligno.com\/wp-content\/uploads\/2021\/06\/Tech2020Room-705x316.png 705w\" sizes=\"auto, (max-width: 1030px) 100vw, 1030px\" \/><figcaption class=\"wp-element-caption\">Maillage complet de la cuisine<\/figcaption><\/figure>\n\n\n\n<ul class=\"wp-block-list\">\n<li>Analyse du code source&nbsp;(existant)&nbsp;de la compagnie,&nbsp;identifier les parties de code&nbsp;afin d\u2019\u00eatre&nbsp;en mesure de&nbsp;r\u00e9utiliser\/adapter certains algorithmes;&nbsp;<\/li>\n\n\n\n<li>Mise&nbsp;\u00e0&nbsp;niveau de certaines librairies de la compagnie pour le support du projet (d\u00e9bogage,&nbsp;mise au point d\u2019un environnement&nbsp;pour tester et valider&nbsp;le rendu des&nbsp;modeles;);&nbsp;&nbsp;<\/li>\n\n\n\n<li>Programmation&nbsp;d\u2019un algorithme de&nbsp;mod\u00e9lisation&nbsp;3D qui permet de construire le&nbsp;\u2018\u2019scene&nbsp;graph\u2019\u2019&nbsp;complet dans le nouveau format FBX;&nbsp;&nbsp;<\/li>\n\n\n\n<li>Re factoring do code existant (librairie 3D) pour le support du projet<\/li>\n\n\n\n<li>Mise au point d\u2019un environnement&nbsp;pour tester et valider&nbsp;le rendu des&nbsp;mod\u00e8les<\/li>\n\n\n\n<li>Prototypage d&rsquo;algorithmes, optimization<\/li>\n<\/ul>\n\n\n\n<p>Ci-dessous un exemple de code pour les differentes parties de la cuisine. <\/p>\n\n\n\n<pre class=\"wp-block-prismatic-blocks\"><code class=\"language-cpp\" data-line=\"\">FbxNode* RoomExtract2FbxApp::createRoomStuff(FbxManager* g_SdkManager, FbxScene* pScene)\n{\n#if _DEBUG\n\tstd::cout &lt;&lt; &quot;Creating the Items_Floor (whole cabinet)n&quot;;\n#endif\n\n\t\/\/ create room scene graph of the room from AxsCompleteRoom model\n\tusing namespace std;\n\tusing json = nlohmann::json;\n\n\t\/\/ no attribute represent a group node\n\tFbxNode* w_roomNode = FbxNode::Create(g_SdkManager, &quot;RoomStuff&quot;);\n\tassert(nullptr == w_roomNode-&gt;GetNodeAttribute());\n\n\t\/\/ 0: index (World container) of RoomStuff\n\t\/\/ m_jsonObject[&quot;object&quot;][&quot;children&quot;][0][&quot;children&quot;] -&gt; this is the world\n\tconst unsigned int w_worldIdx = 0; \/\/ RoomStuff (FVSLoadItem)\n\tjson::string_t w_roomStuffName = m_jsonObject[&quot;object&quot;][&quot;children&quot;][0][&quot;children&quot;][0][&quot;name&quot;];\n\tassert(std::string(&quot;RoomStuff&quot;) == w_roomStuffName);\n\n\t\/\/ room object\n\tjson w_roomStuff = m_jsonObject[&quot;object&quot;][&quot;children&quot;][0][&quot;children&quot;][0]; \/\/ &quot;RoomStuff&quot;\n\tjson::array_t w_roomArray = w_roomStuff[&quot;children&quot;]; \/\/ array of all groups of the RoomStuff \n\n\t\/\/ call create group\n\tif (w_roomStuff[&quot;children&quot;].is_array()) \/\/ first children\n\t{\n\t\t\/\/ start from top children node and traverse the to leaf\n\t\tcreateGroup(w_roomStuff[&quot;children&quot;], w_roomNode); \/\/ positionned at no name \n\t}\n\treturn w_roomNode;\n}<\/code><\/pre>\n\n\n\n<p>Pour un&nbsp;aper\u00e7u&nbsp;de la technologie, voir les&nbsp;vid\u00e9os&nbsp;sur \u2018YouTube\u2019&nbsp;<\/p>\n\n\n\n<figure class=\"wp-block-embed is-type-video is-provider-youtube wp-block-embed-youtube wp-embed-aspect-16-9 wp-has-aspect-ratio\"><div class=\"wp-block-embed__wrapper\">\n<div class='avia-iframe-wrap'><iframe loading=\"lazy\" title=\"Ikea Brings You A Virtual Reality Kitchen | CNBC\" width=\"1500\" height=\"844\" src=\"https:\/\/www.youtube.com\/embed\/5WUEIxzhhRQ?feature=oembed\" frameborder=\"0\" allow=\"accelerometer; autoplay; clipboard-write; encrypted-media; gyroscope; picture-in-picture; web-share\" referrerpolicy=\"strict-origin-when-cross-origin\" allowfullscreen><\/iframe><\/div>\n<\/div><\/figure>\n\n\n\n<figure class=\"wp-block-embed is-type-video is-provider-youtube wp-block-embed-youtube wp-embed-aspect-16-9 wp-has-aspect-ratio\"><div class=\"wp-block-embed__wrapper\">\n<div class='avia-iframe-wrap'><iframe loading=\"lazy\" title=\"IKEA VR Experience - A Way to Experience a Kitchen in your own Home!\" width=\"1500\" height=\"844\" src=\"https:\/\/www.youtube.com\/embed\/1S0GO5kbMYo?feature=oembed\" frameborder=\"0\" allow=\"accelerometer; autoplay; clipboard-write; encrypted-media; gyroscope; picture-in-picture; web-share\" referrerpolicy=\"strict-origin-when-cross-origin\" allowfullscreen><\/iframe><\/div>\n<\/div><\/figure>\n\n\n\n<p><\/p>\n\n\n\n<h2 class=\"wp-block-heading\">Projet Simulateur Chirurgie Assist\u00e9e Par Ordinateur <\/h2>\n\n\n\n<p><\/p>\n\n\n\n<h3 class=\"wp-block-heading\"><strong>Titre<\/strong>:&nbsp;Consultant Technologique&nbsp;<\/h3>\n\n\n\n<h3 class=\"wp-block-heading\"><strong>Projet<\/strong>\u202f(Chirurgie Assist\u00e9e Par Ordinateur):&nbsp;Syst\u00e8me de Simulation de&nbsp;Formation (r\u00e9alit\u00e9 virtuelle)&nbsp;<\/h3>\n\n\n\n<p><strong>Programmation<\/strong> C++, algorithme, Objet-Orient\u00e9e&nbsp;<\/p>\n\n\n\n<p><strong>But<\/strong> Librairie pour mesurer l\u2019efficacit\u00e9 des \u00e9tudiants en chirurgie&nbsp;<\/p>\n\n\n\n<p><strong>Mandat <\/strong>J&rsquo;ai \u00e9t\u00e9 embauch\u00e9 en tant que consultant pour d\u00e9velopper et mettre en \u0153uvre une biblioth\u00e8que d&rsquo;algorithmes de collecte de donn\u00e9es afin de fournir des mesures objectives pour \u00e9valuer les comp\u00e9tences techniques des stagiaires.&nbsp;<\/p>\n\n\n\n<p><strong>Technologie<\/strong>&nbsp;<\/p>\n\n\n\n<p>La chirurgie assist\u00e9e par ordinateur consiste \u00e0 incorporer des logiciels qui aident le chirurgien avant et pendant une op\u00e9ration (formation des stagiaires) l\u2019ordinateur reste un outil pour guider le chirurgien.&nbsp;<\/p>\n\n\n\n<p>Projet de R&amp;D d\u00e9veloppement d\u2019un simulateur qui est une application client-serveur en r\u00e9seau (le client collecte les donn\u00e9es et les envoie au serveur pour effectuer une analyse en ex\u00e9cutant un algorithme (m\u00e9triques).&nbsp;<\/p>\n\n\n\n<p>J\u2019ai d\u00e9velopp\u00e9 le module pour la collection de donn\u00e9es afin de fournir des mesures objectives pour \u00e9valuer les comp\u00e9tences techniques des stagiaires pour accomplir une t\u00e2che durant une simulation enregistrant ainsi les scores globaux et sp\u00e9cifiques \u00e0 la t\u00e2che.&nbsp;&nbsp;<\/p>\n\n\n\n<p>Parall\u00e8lement \u00e0 ma t\u00e2che principale, je supervisais un employ\u00e9 (probl\u00e8mes techniques) et m\u2019assurer que le projet avance selon les \u00e9ch\u00e9anciers. J\u2019ai \u00e9galement particip\u00e9 au d\u00e9veloppement du module des algorithmes (m\u00e9triques).<\/p>\n\n\n\n<ul class=\"wp-block-list\">\n<li>Architecture de la librairie (design OO)<\/li>\n\n\n\n<li>Pr\u00e9sentation du projet (avancement sur une base hebdomadaire)&nbsp;<\/li>\n\n\n\n<li>Guide d\u2019utilisation, documentation, participe aux revues de code&nbsp;<\/li>\n\n\n\n<li>D\u00e9velopp\u00e9 une librairie de \u2018parser\u2019 des fichiers xml pour la lecture et l\u2019\u00e9criture des donn\u00e9es;<\/li>\n\n\n\n<li>Support technique (membres de l\u2019\u00e9quipe)<\/li>\n\n\n\n<li>Optimisation de code (performance)&nbsp;<\/li>\n\n\n\n<li>Int\u00e9gration et test de validation<\/li>\n<\/ul>\n","protected":false},"excerpt":{"rendered":"<p>Projets Simulation R\u00e9alit\u00e9 Virtuelle (IKEA Virtual Planner) Titre:&nbsp;D\u00e9veloppeur&nbsp;de logiciel&nbsp;C++\/3D&nbsp; Projet\u202f(IKEA Virtual Planner):&nbsp;Application&nbsp;de design d\u2019int\u00e9rieur&nbsp;de cuisine&nbsp;qui&nbsp;int\u00e8gre&nbsp;la technologie de la r\u00e9alit\u00e9 virtuelle Programmation C++, math&nbsp;3D, librairie FBX (Autodesk)&nbsp; Mandat d\u00e9velopper une application (module) qui permet de convertir des mod\u00e8les 3D (cuisine au complet),&nbsp;du format interne vers le&nbsp;format FBX Autodesk&nbsp;(http:\/\/www.autodesk.com\/products\/fbx\/overview&nbsp;) afin d\u2019\u00eatre visualis\u00e9 par un moteur de r\u00e9alit\u00e9 [&hellip;]<\/p>\n","protected":false},"author":4,"featured_media":0,"parent":2885,"menu_order":1,"comment_status":"closed","ping_status":"closed","template":"","meta":{"footnotes":""},"class_list":["post-3467","page","type-page","status-publish","hentry"],"yoast_head":"<!-- This site is optimized with the Yoast SEO plugin v27.4 - https:\/\/yoast.com\/product\/yoast-seo-wordpress\/ -->\n<title>Industrie Simulation - Elligno<\/title>\n<meta name=\"robots\" content=\"index, follow, max-snippet:-1, max-image-preview:large, max-video-preview:-1\" \/>\n<link rel=\"canonical\" href=\"https:\/\/elligno.com\/fr\/portfolio\/industrie-simulation\/\" \/>\n<meta property=\"og:locale\" content=\"fr_FR\" \/>\n<meta property=\"og:type\" content=\"article\" \/>\n<meta property=\"og:title\" content=\"Industrie Simulation - Elligno\" \/>\n<meta property=\"og:description\" content=\"Projets Simulation R\u00e9alit\u00e9 Virtuelle (IKEA Virtual Planner) Titre:&nbsp;D\u00e9veloppeur&nbsp;de logiciel&nbsp;C++\/3D&nbsp; Projet\u202f(IKEA Virtual Planner):&nbsp;Application&nbsp;de design d\u2019int\u00e9rieur&nbsp;de cuisine&nbsp;qui&nbsp;int\u00e8gre&nbsp;la technologie de la r\u00e9alit\u00e9 virtuelle Programmation C++, math&nbsp;3D, librairie FBX (Autodesk)&nbsp; Mandat d\u00e9velopper une application (module) qui permet de convertir des mod\u00e8les 3D (cuisine au complet),&nbsp;du format interne vers le&nbsp;format FBX Autodesk&nbsp;(http:\/\/www.autodesk.com\/products\/fbx\/overview&nbsp;) afin d\u2019\u00eatre visualis\u00e9 par un moteur de r\u00e9alit\u00e9 [&hellip;]\" \/>\n<meta property=\"og:url\" content=\"https:\/\/elligno.com\/fr\/portfolio\/industrie-simulation\/\" \/>\n<meta property=\"og:site_name\" content=\"Elligno\" \/>\n<meta property=\"article:modified_time\" content=\"2024-05-24T16:17:40+00:00\" \/>\n<meta property=\"og:image\" content=\"https:\/\/elligno.com\/wp-content\/uploads\/2021\/06\/Tech2020Room-1030x461.png\" \/>\n<meta name=\"twitter:card\" content=\"summary_large_image\" \/>\n<meta name=\"twitter:label1\" content=\"Dur\u00e9e de lecture estim\u00e9e\" \/>\n\t<meta name=\"twitter:data1\" content=\"4 minutes\" \/>\n<script type=\"application\/ld+json\" class=\"yoast-schema-graph\">{\"@context\":\"https:\\\/\\\/schema.org\",\"@graph\":[{\"@type\":\"WebPage\",\"@id\":\"https:\\\/\\\/elligno.com\\\/fr\\\/portfolio\\\/industrie-simulation\\\/\",\"url\":\"https:\\\/\\\/elligno.com\\\/fr\\\/portfolio\\\/industrie-simulation\\\/\",\"name\":\"Industrie Simulation - Elligno\",\"isPartOf\":{\"@id\":\"https:\\\/\\\/elligno.com\\\/fr\\\/#website\"},\"primaryImageOfPage\":{\"@id\":\"https:\\\/\\\/elligno.com\\\/fr\\\/portfolio\\\/industrie-simulation\\\/#primaryimage\"},\"image\":{\"@id\":\"https:\\\/\\\/elligno.com\\\/fr\\\/portfolio\\\/industrie-simulation\\\/#primaryimage\"},\"thumbnailUrl\":\"https:\\\/\\\/elligno.com\\\/wp-content\\\/uploads\\\/2021\\\/06\\\/Tech2020Room-1030x461.png\",\"datePublished\":\"2021-06-09T14:43:21+00:00\",\"dateModified\":\"2024-05-24T16:17:40+00:00\",\"breadcrumb\":{\"@id\":\"https:\\\/\\\/elligno.com\\\/fr\\\/portfolio\\\/industrie-simulation\\\/#breadcrumb\"},\"inLanguage\":\"fr-FR\",\"potentialAction\":[{\"@type\":\"ReadAction\",\"target\":[\"https:\\\/\\\/elligno.com\\\/fr\\\/portfolio\\\/industrie-simulation\\\/\"]}]},{\"@type\":\"ImageObject\",\"inLanguage\":\"fr-FR\",\"@id\":\"https:\\\/\\\/elligno.com\\\/fr\\\/portfolio\\\/industrie-simulation\\\/#primaryimage\",\"url\":\"https:\\\/\\\/elligno.com\\\/wp-content\\\/uploads\\\/2021\\\/06\\\/Tech2020Room-1030x461.png\",\"contentUrl\":\"https:\\\/\\\/elligno.com\\\/wp-content\\\/uploads\\\/2021\\\/06\\\/Tech2020Room-1030x461.png\"},{\"@type\":\"BreadcrumbList\",\"@id\":\"https:\\\/\\\/elligno.com\\\/fr\\\/portfolio\\\/industrie-simulation\\\/#breadcrumb\",\"itemListElement\":[{\"@type\":\"ListItem\",\"position\":1,\"name\":\"Home\",\"item\":\"https:\\\/\\\/elligno.com\\\/fr\\\/\"},{\"@type\":\"ListItem\",\"position\":2,\"name\":\"Portfolio\",\"item\":\"https:\\\/\\\/elligno.com\\\/fr\\\/portfolio\\\/\"},{\"@type\":\"ListItem\",\"position\":3,\"name\":\"Industrie Simulation\"}]},{\"@type\":\"WebSite\",\"@id\":\"https:\\\/\\\/elligno.com\\\/fr\\\/#website\",\"url\":\"https:\\\/\\\/elligno.com\\\/fr\\\/\",\"name\":\"Elligno\",\"description\":\"Site dev elligno\",\"publisher\":{\"@id\":\"https:\\\/\\\/elligno.com\\\/fr\\\/#organization\"},\"potentialAction\":[{\"@type\":\"SearchAction\",\"target\":{\"@type\":\"EntryPoint\",\"urlTemplate\":\"https:\\\/\\\/elligno.com\\\/fr\\\/?s={search_term_string}\"},\"query-input\":{\"@type\":\"PropertyValueSpecification\",\"valueRequired\":true,\"valueName\":\"search_term_string\"}}],\"inLanguage\":\"fr-FR\"},{\"@type\":\"Organization\",\"@id\":\"https:\\\/\\\/elligno.com\\\/fr\\\/#organization\",\"name\":\"Elligno Inc\",\"url\":\"https:\\\/\\\/elligno.com\\\/fr\\\/\",\"logo\":{\"@type\":\"ImageObject\",\"inLanguage\":\"fr-FR\",\"@id\":\"https:\\\/\\\/elligno.com\\\/fr\\\/#\\\/schema\\\/logo\\\/image\\\/\",\"url\":\"https:\\\/\\\/elligno.com\\\/wp-content\\\/uploads\\\/2021\\\/06\\\/favicon.png\",\"contentUrl\":\"https:\\\/\\\/elligno.com\\\/wp-content\\\/uploads\\\/2021\\\/06\\\/favicon.png\",\"width\":256,\"height\":256,\"caption\":\"Elligno Inc\"},\"image\":{\"@id\":\"https:\\\/\\\/elligno.com\\\/fr\\\/#\\\/schema\\\/logo\\\/image\\\/\"}}]}<\/script>\n<!-- \/ Yoast SEO plugin. -->","yoast_head_json":{"title":"Industrie Simulation - Elligno","robots":{"index":"index","follow":"follow","max-snippet":"max-snippet:-1","max-image-preview":"max-image-preview:large","max-video-preview":"max-video-preview:-1"},"canonical":"https:\/\/elligno.com\/fr\/portfolio\/industrie-simulation\/","og_locale":"fr_FR","og_type":"article","og_title":"Industrie Simulation - Elligno","og_description":"Projets Simulation R\u00e9alit\u00e9 Virtuelle (IKEA Virtual Planner) Titre:&nbsp;D\u00e9veloppeur&nbsp;de logiciel&nbsp;C++\/3D&nbsp; Projet\u202f(IKEA Virtual Planner):&nbsp;Application&nbsp;de design d\u2019int\u00e9rieur&nbsp;de cuisine&nbsp;qui&nbsp;int\u00e8gre&nbsp;la technologie de la r\u00e9alit\u00e9 virtuelle Programmation C++, math&nbsp;3D, librairie FBX (Autodesk)&nbsp; Mandat d\u00e9velopper une application (module) qui permet de convertir des mod\u00e8les 3D (cuisine au complet),&nbsp;du format interne vers le&nbsp;format FBX Autodesk&nbsp;(http:\/\/www.autodesk.com\/products\/fbx\/overview&nbsp;) afin d\u2019\u00eatre visualis\u00e9 par un moteur de r\u00e9alit\u00e9 [&hellip;]","og_url":"https:\/\/elligno.com\/fr\/portfolio\/industrie-simulation\/","og_site_name":"Elligno","article_modified_time":"2024-05-24T16:17:40+00:00","og_image":[{"url":"https:\/\/elligno.com\/wp-content\/uploads\/2021\/06\/Tech2020Room-1030x461.png","type":"","width":"","height":""}],"twitter_card":"summary_large_image","twitter_misc":{"Dur\u00e9e de lecture estim\u00e9e":"4 minutes"},"schema":{"@context":"https:\/\/schema.org","@graph":[{"@type":"WebPage","@id":"https:\/\/elligno.com\/fr\/portfolio\/industrie-simulation\/","url":"https:\/\/elligno.com\/fr\/portfolio\/industrie-simulation\/","name":"Industrie Simulation - Elligno","isPartOf":{"@id":"https:\/\/elligno.com\/fr\/#website"},"primaryImageOfPage":{"@id":"https:\/\/elligno.com\/fr\/portfolio\/industrie-simulation\/#primaryimage"},"image":{"@id":"https:\/\/elligno.com\/fr\/portfolio\/industrie-simulation\/#primaryimage"},"thumbnailUrl":"https:\/\/elligno.com\/wp-content\/uploads\/2021\/06\/Tech2020Room-1030x461.png","datePublished":"2021-06-09T14:43:21+00:00","dateModified":"2024-05-24T16:17:40+00:00","breadcrumb":{"@id":"https:\/\/elligno.com\/fr\/portfolio\/industrie-simulation\/#breadcrumb"},"inLanguage":"fr-FR","potentialAction":[{"@type":"ReadAction","target":["https:\/\/elligno.com\/fr\/portfolio\/industrie-simulation\/"]}]},{"@type":"ImageObject","inLanguage":"fr-FR","@id":"https:\/\/elligno.com\/fr\/portfolio\/industrie-simulation\/#primaryimage","url":"https:\/\/elligno.com\/wp-content\/uploads\/2021\/06\/Tech2020Room-1030x461.png","contentUrl":"https:\/\/elligno.com\/wp-content\/uploads\/2021\/06\/Tech2020Room-1030x461.png"},{"@type":"BreadcrumbList","@id":"https:\/\/elligno.com\/fr\/portfolio\/industrie-simulation\/#breadcrumb","itemListElement":[{"@type":"ListItem","position":1,"name":"Home","item":"https:\/\/elligno.com\/fr\/"},{"@type":"ListItem","position":2,"name":"Portfolio","item":"https:\/\/elligno.com\/fr\/portfolio\/"},{"@type":"ListItem","position":3,"name":"Industrie Simulation"}]},{"@type":"WebSite","@id":"https:\/\/elligno.com\/fr\/#website","url":"https:\/\/elligno.com\/fr\/","name":"Elligno","description":"Site dev elligno","publisher":{"@id":"https:\/\/elligno.com\/fr\/#organization"},"potentialAction":[{"@type":"SearchAction","target":{"@type":"EntryPoint","urlTemplate":"https:\/\/elligno.com\/fr\/?s={search_term_string}"},"query-input":{"@type":"PropertyValueSpecification","valueRequired":true,"valueName":"search_term_string"}}],"inLanguage":"fr-FR"},{"@type":"Organization","@id":"https:\/\/elligno.com\/fr\/#organization","name":"Elligno Inc","url":"https:\/\/elligno.com\/fr\/","logo":{"@type":"ImageObject","inLanguage":"fr-FR","@id":"https:\/\/elligno.com\/fr\/#\/schema\/logo\/image\/","url":"https:\/\/elligno.com\/wp-content\/uploads\/2021\/06\/favicon.png","contentUrl":"https:\/\/elligno.com\/wp-content\/uploads\/2021\/06\/favicon.png","width":256,"height":256,"caption":"Elligno Inc"},"image":{"@id":"https:\/\/elligno.com\/fr\/#\/schema\/logo\/image\/"}}]}},"_links":{"self":[{"href":"https:\/\/elligno.com\/fr\/wp-json\/wp\/v2\/pages\/3467","targetHints":{"allow":["GET"]}}],"collection":[{"href":"https:\/\/elligno.com\/fr\/wp-json\/wp\/v2\/pages"}],"about":[{"href":"https:\/\/elligno.com\/fr\/wp-json\/wp\/v2\/types\/page"}],"author":[{"embeddable":true,"href":"https:\/\/elligno.com\/fr\/wp-json\/wp\/v2\/users\/4"}],"replies":[{"embeddable":true,"href":"https:\/\/elligno.com\/fr\/wp-json\/wp\/v2\/comments?post=3467"}],"version-history":[{"count":0,"href":"https:\/\/elligno.com\/fr\/wp-json\/wp\/v2\/pages\/3467\/revisions"}],"up":[{"embeddable":true,"href":"https:\/\/elligno.com\/fr\/wp-json\/wp\/v2\/pages\/2885"}],"wp:attachment":[{"href":"https:\/\/elligno.com\/fr\/wp-json\/wp\/v2\/media?parent=3467"}],"curies":[{"name":"wp","href":"https:\/\/api.w.org\/{rel}","templated":true}]}}