{"id":3306,"date":"2021-06-03T08:24:26","date_gmt":"2021-06-03T13:24:26","guid":{"rendered":"https:\/\/elligno.com\/?page_id=3306"},"modified":"2023-11-13T11:49:28","modified_gmt":"2023-11-13T16:49:28","slug":"consultation-scientifique","status":"publish","type":"page","link":"https:\/\/elligno.com\/fr\/services\/consultation-scientifique\/","title":{"rendered":"Consultation Scientifique"},"content":{"rendered":"\n<h2 class=\"wp-block-heading\">Consultant Scientifique<\/h2>\n\n\n\n<p>J\u2019ai travaill\u00e9 sur plusieurs projets industriels qui demandaient d\u2019appliquer mes connaissances scientifiques et mon expertise en programmation pour le d\u00e9veloppement de produits technologiques. Ma principale force, j\u2019ai d\u00e9velopp\u00e9 un savoir-faire dans un domaine extr\u00eamement pointu qui fait appel \u00e0 la convergence de plusieurs champs scientifiques ainsi que de leurs applications technologiques.\u00a0<\/p>\n\n\n\n<h2 class=\"wp-block-heading\">Services de Consultation comprennent<\/h2>\n\n\n\n<ul class=\"wp-block-list\">\n<li>Programmation scientifique avec la m\u00e9thode OON (Oreint\u00e9e-Objet Num\u00e9rique)<\/li>\n\n\n\n<li>Physique3D (dynamique des corps rigides, librairies math\u00e9matiques, alg\u00e8bre lin\u00e9aire<\/li>\n\n\n\n<li>Programmation scientifique avec les langages C, C++ et FORTRAN90\/95<\/li>\n\n\n\n<li>\u00c9tude de faisabilit\u00e9, Prototypage et analyse, validation technique de projets<\/li>\n\n\n\n<li>Appliquer le savoir-faire scientifique \u00e0&nbsp;des probl\u00e8mes concrets de l\u2019industrie<\/li>\n\n\n\n<li>Approche multidisciplinaire, applique les id\u00e9es des autres disciplines ou domaines de recherche pour r\u00e9soudre des probl\u00e8mes industriels<\/li>\n<\/ul>\n\n\n\n<p><\/p>\n\n\n\n<h2 class=\"wp-block-heading\">Simulation et Programmation Scientifique<\/h2>\n\n\n\n<figure class=\"wp-block-table\"><table><tbody><tr><td><strong>Technologie<\/strong><\/td><td><strong>Champ d&rsquo;application<\/strong><\/td><td><strong>Domain<\/strong>e <strong>d&rsquo;Application<\/strong><\/td><td><strong>Status<\/strong><\/td><\/tr><tr><td> Simulation Numerique <\/td><td>Programm\u00e9\u00a0des algorithmes complexes en m\u00e9canique des fluides .<\/td><td>projet de transfert technologique (Universit\u00e9-industrie)<\/td><td>plusieurs ann\u00e9es pass\u00e9es<\/td><\/tr><tr><td>Algorithme Physique <\/td><td>D\u00e9velopp\u00e9 plusieurs applications de mod\u00e9lisation physique <\/td><td>simulation  m\u00e9dical, militaire et 3D<\/td><td>utilis\u00e9 pr\u00e9sentement<\/td><\/tr><tr><td>Math 3D<\/td><td>Alg\u00e8bre lin\u00e9aire 3D<\/td><td>physique 3D simulation\u00a0(dynamique des corps rigides)<\/td><td>utilis\u00e9 pr\u00e9sentement<\/td><\/tr><tr><td>programmation 3D <\/td><td>3<sup>rd<\/sup>&nbsp;party API based on OpenGLCAE in-house library<\/td><td>utilis\u00e9 dans le domaine de la d\u00e9fense, r\u00e9alit\u00e9 virtuelle, simulation et mod\u00e9lisation physique<\/td><td>utilis\u00e9 pr\u00e9sentement<\/td><\/tr><tr><td>Video Streaming<\/td><td>GStreamer GNU<\/td><td>vid\u00e9o surveillance transport public<\/td><td>4 ann\u00e9es pass\u00e9es<\/td><\/tr><tr><td>Image processing<\/td><td>Halcon imaging<\/td><td>Scierie (bois d&rsquo;oeuvre) d\u00e9tection d&rsquo;imperfection<\/td><td>5 ann\u00e9es pass\u00e9es<\/td><\/tr><tr><td>\u2026<\/td><td><\/td><td><\/td><td>\u2026<\/td><\/tr><\/tbody><\/table><\/figure>\n","protected":false},"excerpt":{"rendered":"<p>Consultant Scientifique J\u2019ai travaill\u00e9 sur plusieurs projets industriels qui demandaient d\u2019appliquer mes connaissances scientifiques et mon expertise en programmation pour le d\u00e9veloppement de produits technologiques. Ma principale force, j\u2019ai d\u00e9velopp\u00e9 un savoir-faire dans un domaine extr\u00eamement pointu qui fait appel \u00e0 la convergence de plusieurs champs scientifiques ainsi que de leurs applications technologiques.\u00a0 Services de [&hellip;]<\/p>\n","protected":false},"author":4,"featured_media":0,"parent":2883,"menu_order":1,"comment_status":"closed","ping_status":"closed","template":"","meta":{"footnotes":""},"class_list":["post-3306","page","type-page","status-publish","hentry"],"yoast_head":"<!-- This site is optimized with the Yoast SEO plugin v27.4 - https:\/\/yoast.com\/product\/yoast-seo-wordpress\/ -->\n<title>Consultation Scientifique - Elligno<\/title>\n<meta name=\"robots\" content=\"index, follow, max-snippet:-1, max-image-preview:large, max-video-preview:-1\" \/>\n<link rel=\"canonical\" href=\"https:\/\/elligno.com\/fr\/services\/consultation-scientifique\/\" \/>\n<meta property=\"og:locale\" content=\"fr_FR\" \/>\n<meta property=\"og:type\" content=\"article\" \/>\n<meta property=\"og:title\" content=\"Consultation Scientifique - Elligno\" \/>\n<meta property=\"og:description\" content=\"Consultant Scientifique J\u2019ai travaill\u00e9 sur plusieurs projets industriels qui demandaient d\u2019appliquer mes connaissances scientifiques et mon expertise en programmation pour le d\u00e9veloppement de produits technologiques. Ma principale force, j\u2019ai d\u00e9velopp\u00e9 un savoir-faire dans un domaine extr\u00eamement pointu qui fait appel \u00e0 la convergence de plusieurs champs scientifiques ainsi que de leurs applications technologiques.\u00a0 Services de [&hellip;]\" \/>\n<meta property=\"og:url\" content=\"https:\/\/elligno.com\/fr\/services\/consultation-scientifique\/\" \/>\n<meta property=\"og:site_name\" content=\"Elligno\" \/>\n<meta property=\"article:modified_time\" content=\"2023-11-13T16:49:28+00:00\" \/>\n<meta name=\"twitter:card\" content=\"summary_large_image\" \/>\n<meta name=\"twitter:label1\" content=\"Dur\u00e9e de lecture estim\u00e9e\" \/>\n\t<meta name=\"twitter:data1\" content=\"1 minute\" \/>\n<script type=\"application\/ld+json\" class=\"yoast-schema-graph\">{\"@context\":\"https:\\\/\\\/schema.org\",\"@graph\":[{\"@type\":\"WebPage\",\"@id\":\"https:\\\/\\\/elligno.com\\\/fr\\\/services\\\/consultation-scientifique\\\/\",\"url\":\"https:\\\/\\\/elligno.com\\\/fr\\\/services\\\/consultation-scientifique\\\/\",\"name\":\"Consultation Scientifique - Elligno\",\"isPartOf\":{\"@id\":\"https:\\\/\\\/elligno.com\\\/fr\\\/#website\"},\"datePublished\":\"2021-06-03T13:24:26+00:00\",\"dateModified\":\"2023-11-13T16:49:28+00:00\",\"breadcrumb\":{\"@id\":\"https:\\\/\\\/elligno.com\\\/fr\\\/services\\\/consultation-scientifique\\\/#breadcrumb\"},\"inLanguage\":\"fr-FR\",\"potentialAction\":[{\"@type\":\"ReadAction\",\"target\":[\"https:\\\/\\\/elligno.com\\\/fr\\\/services\\\/consultation-scientifique\\\/\"]}]},{\"@type\":\"BreadcrumbList\",\"@id\":\"https:\\\/\\\/elligno.com\\\/fr\\\/services\\\/consultation-scientifique\\\/#breadcrumb\",\"itemListElement\":[{\"@type\":\"ListItem\",\"position\":1,\"name\":\"Home\",\"item\":\"https:\\\/\\\/elligno.com\\\/fr\\\/\"},{\"@type\":\"ListItem\",\"position\":2,\"name\":\"Services\",\"item\":\"https:\\\/\\\/elligno.com\\\/fr\\\/services\\\/\"},{\"@type\":\"ListItem\",\"position\":3,\"name\":\"Consultation Scientifique\"}]},{\"@type\":\"WebSite\",\"@id\":\"https:\\\/\\\/elligno.com\\\/fr\\\/#website\",\"url\":\"https:\\\/\\\/elligno.com\\\/fr\\\/\",\"name\":\"Elligno\",\"description\":\"Site dev elligno\",\"publisher\":{\"@id\":\"https:\\\/\\\/elligno.com\\\/fr\\\/#organization\"},\"potentialAction\":[{\"@type\":\"SearchAction\",\"target\":{\"@type\":\"EntryPoint\",\"urlTemplate\":\"https:\\\/\\\/elligno.com\\\/fr\\\/?s={search_term_string}\"},\"query-input\":{\"@type\":\"PropertyValueSpecification\",\"valueRequired\":true,\"valueName\":\"search_term_string\"}}],\"inLanguage\":\"fr-FR\"},{\"@type\":\"Organization\",\"@id\":\"https:\\\/\\\/elligno.com\\\/fr\\\/#organization\",\"name\":\"Elligno Inc\",\"url\":\"https:\\\/\\\/elligno.com\\\/fr\\\/\",\"logo\":{\"@type\":\"ImageObject\",\"inLanguage\":\"fr-FR\",\"@id\":\"https:\\\/\\\/elligno.com\\\/fr\\\/#\\\/schema\\\/logo\\\/image\\\/\",\"url\":\"https:\\\/\\\/elligno.com\\\/wp-content\\\/uploads\\\/2021\\\/06\\\/favicon.png\",\"contentUrl\":\"https:\\\/\\\/elligno.com\\\/wp-content\\\/uploads\\\/2021\\\/06\\\/favicon.png\",\"width\":256,\"height\":256,\"caption\":\"Elligno Inc\"},\"image\":{\"@id\":\"https:\\\/\\\/elligno.com\\\/fr\\\/#\\\/schema\\\/logo\\\/image\\\/\"}}]}<\/script>\n<!-- \/ Yoast SEO plugin. -->","yoast_head_json":{"title":"Consultation Scientifique - Elligno","robots":{"index":"index","follow":"follow","max-snippet":"max-snippet:-1","max-image-preview":"max-image-preview:large","max-video-preview":"max-video-preview:-1"},"canonical":"https:\/\/elligno.com\/fr\/services\/consultation-scientifique\/","og_locale":"fr_FR","og_type":"article","og_title":"Consultation Scientifique - Elligno","og_description":"Consultant Scientifique J\u2019ai travaill\u00e9 sur plusieurs projets industriels qui demandaient d\u2019appliquer mes connaissances scientifiques et mon expertise en programmation pour le d\u00e9veloppement de produits technologiques. Ma principale force, j\u2019ai d\u00e9velopp\u00e9 un savoir-faire dans un domaine extr\u00eamement pointu qui fait appel \u00e0 la convergence de plusieurs champs scientifiques ainsi que de leurs applications technologiques.\u00a0 Services de [&hellip;]","og_url":"https:\/\/elligno.com\/fr\/services\/consultation-scientifique\/","og_site_name":"Elligno","article_modified_time":"2023-11-13T16:49:28+00:00","twitter_card":"summary_large_image","twitter_misc":{"Dur\u00e9e de lecture estim\u00e9e":"1 minute"},"schema":{"@context":"https:\/\/schema.org","@graph":[{"@type":"WebPage","@id":"https:\/\/elligno.com\/fr\/services\/consultation-scientifique\/","url":"https:\/\/elligno.com\/fr\/services\/consultation-scientifique\/","name":"Consultation Scientifique - Elligno","isPartOf":{"@id":"https:\/\/elligno.com\/fr\/#website"},"datePublished":"2021-06-03T13:24:26+00:00","dateModified":"2023-11-13T16:49:28+00:00","breadcrumb":{"@id":"https:\/\/elligno.com\/fr\/services\/consultation-scientifique\/#breadcrumb"},"inLanguage":"fr-FR","potentialAction":[{"@type":"ReadAction","target":["https:\/\/elligno.com\/fr\/services\/consultation-scientifique\/"]}]},{"@type":"BreadcrumbList","@id":"https:\/\/elligno.com\/fr\/services\/consultation-scientifique\/#breadcrumb","itemListElement":[{"@type":"ListItem","position":1,"name":"Home","item":"https:\/\/elligno.com\/fr\/"},{"@type":"ListItem","position":2,"name":"Services","item":"https:\/\/elligno.com\/fr\/services\/"},{"@type":"ListItem","position":3,"name":"Consultation Scientifique"}]},{"@type":"WebSite","@id":"https:\/\/elligno.com\/fr\/#website","url":"https:\/\/elligno.com\/fr\/","name":"Elligno","description":"Site dev elligno","publisher":{"@id":"https:\/\/elligno.com\/fr\/#organization"},"potentialAction":[{"@type":"SearchAction","target":{"@type":"EntryPoint","urlTemplate":"https:\/\/elligno.com\/fr\/?s={search_term_string}"},"query-input":{"@type":"PropertyValueSpecification","valueRequired":true,"valueName":"search_term_string"}}],"inLanguage":"fr-FR"},{"@type":"Organization","@id":"https:\/\/elligno.com\/fr\/#organization","name":"Elligno Inc","url":"https:\/\/elligno.com\/fr\/","logo":{"@type":"ImageObject","inLanguage":"fr-FR","@id":"https:\/\/elligno.com\/fr\/#\/schema\/logo\/image\/","url":"https:\/\/elligno.com\/wp-content\/uploads\/2021\/06\/favicon.png","contentUrl":"https:\/\/elligno.com\/wp-content\/uploads\/2021\/06\/favicon.png","width":256,"height":256,"caption":"Elligno Inc"},"image":{"@id":"https:\/\/elligno.com\/fr\/#\/schema\/logo\/image\/"}}]}},"_links":{"self":[{"href":"https:\/\/elligno.com\/fr\/wp-json\/wp\/v2\/pages\/3306","targetHints":{"allow":["GET"]}}],"collection":[{"href":"https:\/\/elligno.com\/fr\/wp-json\/wp\/v2\/pages"}],"about":[{"href":"https:\/\/elligno.com\/fr\/wp-json\/wp\/v2\/types\/page"}],"author":[{"embeddable":true,"href":"https:\/\/elligno.com\/fr\/wp-json\/wp\/v2\/users\/4"}],"replies":[{"embeddable":true,"href":"https:\/\/elligno.com\/fr\/wp-json\/wp\/v2\/comments?post=3306"}],"version-history":[{"count":0,"href":"https:\/\/elligno.com\/fr\/wp-json\/wp\/v2\/pages\/3306\/revisions"}],"up":[{"embeddable":true,"href":"https:\/\/elligno.com\/fr\/wp-json\/wp\/v2\/pages\/2883"}],"wp:attachment":[{"href":"https:\/\/elligno.com\/fr\/wp-json\/wp\/v2\/media?parent=3306"}],"curies":[{"name":"wp","href":"https:\/\/api.w.org\/{rel}","templated":true}]}}