{"id":3183,"date":"2021-05-31T12:46:30","date_gmt":"2021-05-31T17:46:30","guid":{"rendered":"https:\/\/elligno.com\/?page_id=3183"},"modified":"2023-11-20T09:22:33","modified_gmt":"2023-11-20T14:22:33","slug":"mon-resume","status":"publish","type":"page","link":"https:\/\/elligno.com\/fr\/profil\/mon-resume\/","title":{"rendered":"Mon Resume"},"content":{"rendered":"\n<h1 class=\"wp-block-heading\" id=\"jean-b\u00e9langer-resume-industrial-physicist\">Jean B\u00e9langer R\u00e9sum\u00e9 (Physicien Industriel)<\/h1>\n\n\n\n<h2 class=\"wp-block-heading\" id=\"education\">Expertise<\/h2>\n\n\n\n<p>J\u2019ai d\u00e9velopp\u00e9 des applications dans plusieurs domaines de la haute technologie comme contracteur\/consultant pour des organisations prestigieuses et de r\u00e9putation mondiale. Formation scientifique jumel\u00e9e \u00e0 plus de 20 ann\u00e9es d\u2019exp\u00e9rience en technologie de l\u2019information, je suis le candidat id\u00e9al sur des projets technologiques qui demandent une expertise scientifique. Durant ces ann\u00e9es j&rsquo;ai  Expertise dans le d\u00e9veloppement de produits technologiques industriel faisant appel \u00e0 plusieurs champs scientifique ainsi que de leur application technologique (logiciel \u00e0 caract\u00e8re scientifique en simulation).<\/p>\n\n\n\n<figure class=\"wp-block-table\"><table><tbody><tr><td>D\u00e9veloppement Logiciel<\/td><td>Exp\u00e9rience dans la conception et le d\u00e9veloppement d&rsquo;applications dans plusieurs domaine de la haute technologie<\/td><\/tr><tr><td>Architecture et Design<\/td><td>Exp\u00e9rience en architecture orient\u00e9e objet, mod\u00e8les de conception, biblioth\u00e8ques personnalis\u00e9es et externes pour produire un code hautement modulaire et de qualit\u00e9<\/td><\/tr><tr><td>Processus D\u00e9veloppement<\/td><td>Exp\u00e9riment\u00e9 avec la m\u00e9thodologie Agile et SCRUM. Utiliser et mener des revues de code par les pairs pour \u00e9tablir les meilleures pratiques au sein de l&rsquo;\u00e9quipe<\/td><\/tr><tr><td>Logiciel Scientifique<\/td><td>Exp\u00e9rience en programmation scientifique utilisant OO\/C++, biblioth\u00e8ques num\u00e9riques et techniques de programmation pour le calcul a virgule flottante<\/td><\/tr><\/tbody><\/table><\/figure>\n\n\n\n<h3 class=\"wp-block-heading\" id=\"elligno-inc.-june-2006---ongoing\">Elligno Inc.&nbsp;(Juin 2006 &#8211; pr\u00e9sentement)<\/h3>\n\n\n\n<figure class=\"wp-block-table\"><table><tbody><tr><td><strong>Titre<\/strong><\/td><td>Fondateur (contractuel ind\u00e9pendant)<\/td><\/tr><tr><td><strong>Projet<\/strong><\/td><td>Consultation (scientifique et technique)<\/td><\/tr><tr><td><strong>Technologies<\/strong><\/td><td>C++11\/14\/17\/20, patrons de conception, Boost, STL, OpenGL, Open Scene Graph, Autodesk FBX, Qt, real-time, Perl, Java, R, Matematica, FORTRAN90\/95, simulation num\u00e9rique&nbsp;, programmation algorithme physique, Numerical Recipes, UBLAS<\/td><\/tr><tr><td><strong>Description<\/strong><\/td><td>Projets comme consultant technique et scientifique pour le d\u00e9veloppement de produits technologiques et support technique.<\/td><\/tr><\/tbody><\/table><\/figure>\n\n\n\n<figure class=\"wp-block-table\"><table><tbody><tr><td class=\"has-text-align-left\" data-align=\"left\"><strong><strong>T\u00e2ches et responsabilit\u00e9s<\/strong><\/strong><\/td><td>Comme consultant j&rsquo;ai&nbsp;d\u00e9velopp\u00e9&nbsp;des applications industrielles en utilisant des technologies telles que:&nbsp;<strong>&nbsp;<\/strong>vision par ordinateur,&nbsp;mod\u00e9lisation&nbsp;3D, programmation scientifique, simulation, temps-r\u00e9el<br><br>1. Algorithme de traitement d\u2019images bas\u00e9&nbsp;sur la reconnaissance de \u201cpattern\u201d et la d\u00e9tection de contours, une technique permettant de trouver les d\u00e9fauts (discontinuit\u00e9 dans l\u2019image)&nbsp;<br>&nbsp;<br>2. D\u00e9veloppement d\u2019un module la collection de donn\u00e9es utilise en simulation chirurgicale (application) pour la formation de chirurgiens<br><br>3. Migration majeure d\u2019une application de surveillance vid\u00e9o utilis\u00e9e&nbsp;par la STM (Soci\u00e9t\u00e9 de Transport Montr\u00e9al) pour la compatibilit\u00e9 des nouvelles cam\u00e9ras du m\u00e9tro Azure. <br><br>4. D\u00e9velopp\u00e9 un ensemble d\u2019outils pour l\u2019automatisation de cr\u00e9ation de rapports: domaine financier, et domaine du transport<br><br>5. Re-factoring de grande envergure&nbsp;d\u2019une librairie math\u00e9matique utilis\u00e9e pour un leader mondial du jeux vid\u00e9o&nbsp;<br><br>J&rsquo;agis \u00e9galement comme contractuel pour des organisations de petite et grande taille afin de soutenir le d\u00e9veloppement de projets existants&nbsp;; comme programmeur, systeme analyste participe a la conception,, test, integration et de support d&rsquo;applications.<br><br>\u25a0 Programmeur scientifique (Biotechnologie imagerie mol\u00e9culaire)<br>\u25a0 D\u00e9veloppeur de logiciel C++\/3D (r\u00e9alit\u00e9 virtuelle mod\u00e9lisation 3D)&nbsp;<br>\u25a0 D\u00e9veloppeur syst\u00e8me logiciel (projet militaire formation) &nbsp;<br>\u25a0 Syst\u00e8me analyste pour une leader mondial (banque d\u2019investissement)&nbsp;<br><br><strong>Projet<\/strong>&nbsp;Environnement Programmation Scientifique<br><br>Je travaille sur la mise au point d\u2019outils de simulation, environnement de programmation pour le prototypage rapide d\u2019algorithmes physiques sur le probl\u00e8me du bris de barrage afin d\u2019acc\u00e9l\u00e9rer les phases de  d\u00e9veloppement et de validation.&nbsp;Ceci r\u00e9pond \u00e0 un besoin sur les projets industriels&nbsp;o\u00f9&nbsp;l\u2019on doit exp\u00e9rimenter diff\u00e9rents sc\u00e9narios.&nbsp;<br>&nbsp;<br>\u25a0 Programmation scientifique C++11\/14\/17 et&nbsp;Orient\u00e9e-Objet&nbsp;Num\u00e9rique&nbsp;<br>\u25a0&nbsp;Optimisation&nbsp;de code \u00e0 l\u2019aide de librairie num\u00e9rique \u00e0 virgule flottante<br>\u25a0 Validation et tests fonctionnels des algorithmes physique<br>\u25a0 Re-factoring du code afin d\u2019obtenir une nouvelle&nbsp;g\u00e9n\u00e9ration&nbsp;plus facilement adaptable&nbsp;<br>\u25a0 Programmation algorithme&nbsp;physique&nbsp;\u00e0 partir d\u2019articles scientifiques&nbsp;<br>\u25a0&nbsp;R\u00e9daction&nbsp;de rapports techniques et&nbsp;pr\u00e9sentation de l&rsquo;architecture et r\u00e9sultats<\/td><\/tr><\/tbody><\/table><\/figure>\n\n\n\n<h3 class=\"wp-block-heading\" id=\"oerlikon-contraves-inc.-october-2005-june-2006\">Oerlikon Contraves Inc.&nbsp;(Octobre 2005 \u2013 Juin 2006)<\/h3>\n\n\n\n<figure class=\"wp-block-table\"><table><tbody><tr><td><strong>Tit<\/strong>re<\/td><td>Analyste de&nbsp;syst\u00e8me&nbsp;logiciel<\/td><\/tr><tr><td><strong>Projet<\/strong><\/td><td>Environnement virtuel de simulation (militiare)<\/td><\/tr><tr><td><strong>Technologies<\/strong><\/td><td>C++, OO, CAE Simulation Framework, simulation des corps rigides (mod\u00e9lisation physique)<\/td><\/tr><tr><td><strong>Description<\/strong><\/td><td>Le projet consistait \u00e0 construire un simulateur pour la formation d\u2019op\u00e9rateur ADATS (syst\u00e8me anti-d\u00e9fense&nbsp;a\u00e9rien&nbsp;muni de missiles). Le mandat \u00e9tait d\u2019int\u00e9grer&nbsp;un module pour la dynamique des corps rigides dans l\u2019environnement de simulation temps-r\u00e9el. J\u2019\u00e9tais&nbsp;responsable de la partie de la dynamique et de l\u2019int\u00e9gration&nbsp;de celui-ci.&nbsp;Environnement de simulation sous forme d\u2019un&nbsp;framework.&nbsp;<\/td><\/tr><\/tbody><\/table><\/figure>\n\n\n\n<figure class=\"wp-block-table\"><table><tbody><tr><td><strong><strong><strong>T\u00e2ches et responsabilit\u00e9s<\/strong><\/strong><\/strong><\/td><td>\u25a0 Responsable de la librairie physique&nbsp;(dynamique du missile)&nbsp;et de l\u2019int\u00e9gration de celle-ci&nbsp;dans l\u2019environnement de simulation&nbsp;(CAE STRIVE Framework temps-r\u00e9el).&nbsp;&nbsp;<br>\u25a0 J\u2019ai fait une&nbsp;analyse&nbsp;pour&nbsp;int\u00e9gration&nbsp;du&nbsp;mod\u00e8le&nbsp;existant&nbsp;(librairie de corps rigide) et j\u2019ai fait une&nbsp;s\u00e9rie&nbsp;de&nbsp;recommandations&nbsp;pour la&nbsp;r\u00e9utilisation&nbsp;de certaines parties (selon le budget et&nbsp;l\u2019\u00e9ch\u00e9ancier)&nbsp;<br>\u25a0 Int\u00e9gration&nbsp;de la librairie physique&nbsp;dans l\u2019environnement de&nbsp;simulation&nbsp;(CAE STRIVE temps-r\u00e9el).&nbsp;&nbsp;<br>\u25a0 Programmation de nouvelles composantes&nbsp;&nbsp;en FORTRAN95&nbsp;et&nbsp;C++&nbsp;pour la communication&nbsp;de librairie physique et l\u2019environnement de simulation&nbsp;FORTRAN\/C++&nbsp;<br>\u25a0 D\u00e9velopp\u00e9&nbsp;un prototype afin de faciliter l\u2019int\u00e9gration&nbsp;et le test&nbsp;de&nbsp;fonctionnalit\u00e9s;&nbsp;<br><br><strong>Rapport<\/strong><br>\u201c<em>On the Re-Use of the ADATS Missile Model for the CAT Simulator<\/em>\u201d, \u2013 J. Belanger, Technical Note&nbsp;<strong>Oerlikon Contraves Inc.<\/strong>&nbsp;(<strong>November 2005<\/strong>)<\/td><\/tr><\/tbody><\/table><\/figure>\n\n\n\n<h3 class=\"wp-block-heading\" id=\"art-inc.-february-2005-september-2005\">ART Inc.&nbsp;(F\u00e9vrier 2005 \u2013 Septembre 2005)<\/h3>\n\n\n\n<figure class=\"wp-block-table\"><table><tbody><tr><td><strong>Tit<\/strong>re<\/td><td>Programmeur Scientitfique (Applied Research)<\/td><\/tr><tr><td><strong>Projet<\/strong><\/td><td>Imagerie Moleculaire (biotechnology)<\/td><\/tr><tr><td>Technologies<\/td><td>C++, Boost, programmation num\u00e9rique, programmation scientifique<\/td><\/tr><tr><td><strong>Description<\/strong><\/td><td>ART d\u00e9veloppe et commercialise des produits bases sur la technologie d\u2019imagerie mol\u00e9culaire pour l\u2019industrie des soins de sant\u00e9 et pharmaceutique. Imagerie mol\u00e9culaire consiste&nbsp;\u00e0&nbsp;faire passer de la lumi\u00e8re ionise (radiation) dans les tissus humains afin d\u2019analyser des signes de pathologie. La t\u00e2che consiste analyser les&nbsp;propri\u00e9t\u00e9s&nbsp;coefficients d\u2019absorption et de diffusion des tissus (tissus normaux et anormaux diff\u00e8rent dans absorption et diffusion).<\/td><\/tr><\/tbody><\/table><\/figure>\n\n\n\n<figure class=\"wp-block-table\"><table><tbody><tr><td><strong><strong><strong>T\u00e2ches et responsabilit\u00e9s<\/strong><\/strong><\/strong><\/td><td>Mise au point d\u2019une architecture logiciel pour la solution d\u2019un probl\u00e8me d\u2019optimisation pour le lissage d\u2019une courbe (\u2018\u2019best fit\u2019\u2019 des param\u00e8tres)<br><br>\u25a0 Simulation Monte Carlo pour la migration de photons dans un milieu 3D (simulation particules) <br>\u25a0 Re-factoring de la&nbsp;librairie&nbsp;num\u00e9rique&nbsp;(pour la solution d\u2019un probl\u00e8me d\u2019optimisation pour le lissage d\u2019une courbe (\u2018\u2019best fit\u2019\u2019 des param\u00e8tres)) avec une approche&nbsp;Orient\u00e9e-Objet&nbsp;(architecture logiciel&nbsp;de type API qui peut&nbsp;\u00eatre&nbsp;personnalis\u00e9)&nbsp;&nbsp;&nbsp;<br>\u25a0 Optimisation de code avec des techniques&nbsp;de programmation&nbsp;de&nbsp;calcul&nbsp;\u00e0&nbsp;virgule&nbsp;flottante:&nbsp;librairie&nbsp;numerique&nbsp;de&nbsp;types,&nbsp;integration&nbsp;de patrons (recettes)&nbsp;d\u2019algorithme&nbsp;numerique&nbsp;performant&nbsp;<br>\u25a0 En charge de l\u2019implementation&nbsp;et de l\u2019integration&nbsp;d\u2019algorithmes&nbsp;numeriques&nbsp;dans l\u2019application (librairie)&nbsp;&nbsp;<br><br><strong>Rapport<\/strong><br>\u201cBackground Fit Algorithm &#8230;\u201d, \u2013 J. Belanger, Technical Note<\/td><\/tr><\/tbody><\/table><\/figure>\n\n\n\n<h3 class=\"wp-block-heading\" id=\"cae-inc.-november-2000-may-2004\">CAE Inc.&nbsp;(Novembre 2000 \u2013 Mai 2004)<\/h3>\n\n\n\n<figure class=\"wp-block-table\"><table><tbody><tr><td><strong>Tit<\/strong>re<\/td><td>Developeur Logiciel<\/td><\/tr><tr><td><strong>Projet<\/strong><\/td><td>Environnement Virtuel et Simulation<\/td><\/tr><tr><td>Technologies<\/td><td>C++, programmation math, modelisation 3D, OO, distributed software, temp-reel<\/td><\/tr><tr><td><strong>Description<\/strong><\/td><td>Le groupe Core Technology (simulation de guerre) est responsable du d\u00e9veloppement de la prochaine g\u00e9n\u00e9ration de cadre de simulation utilis\u00e9 par l&rsquo;entreprise (STRIVE : Synthetic Tactical Real-Time interactive Virtual Environment). Il s&rsquo;agit d&rsquo;une architecture ouverte, extensible et distribu\u00e9e bas\u00e9e sur des objets avec une approche COM \u00e9crite en C++.<\/td><\/tr><\/tbody><\/table><\/figure>\n\n\n\n<figure class=\"wp-block-table\"><table><tbody><tr><td><strong>T<strong><strong>\u00e2ches et responsabilit\u00e9s<\/strong><\/strong><\/strong><\/td><td>Projet militaire de simulation de combat dans un environnement virtuel&nbsp;distribu\u00e9. D\u00e9veloppeur logiciel responsable de la composante 3D.&nbsp;Responsable de la librairie 3D (engin 3D)&nbsp;de l\u2019environnement virtuel, d\u00e9veloppement&nbsp;de nouvelles&nbsp;fonctionnalit\u00e9s,&nbsp;mise ajour, maintenance, plan de&nbsp;d\u00e9veloppement,&nbsp;migration&nbsp;vers une nouvelle version&nbsp;<br>&nbsp;<br>\u25a0 En charge de la librairie math\u00e9matique pour la dynamique des entit\u00e9s, repr\u00e9sentation spatiale du terrain (earth mod\u00e8le et transformation Map Projection pour la G\u00e9olocalisation)<br>&nbsp;<br>\u25a0  Mise au point de prototypes&nbsp;&nbsp;pour valider la faisabilit\u00e9&nbsp;l\u2019int\u00e9gration&nbsp;de nouveaux mod\u00e8les&nbsp;(libraires physique et 3D)&nbsp;dans le cadre du&nbsp;R&amp;D&nbsp;<br>&nbsp;<br>\u25a0  En charge&nbsp;de la librairie&nbsp;de&nbsp;mod\u00e8les&nbsp;3D (d\u00e9mo&nbsp;clients)&nbsp;de la simulation&nbsp;<br>&nbsp;<br>\u25a0  Impl\u00e9menter&nbsp;un&nbsp;mod\u00e8le&nbsp;d\u2019atmosph\u00e8re&nbsp;(plug-in) base sur la&nbsp;litt\u00e9rature&nbsp;<br><br><strong>Rapport<\/strong><br><strong>\u201c<\/strong><em>Coordinate Transformation Services<\/em><strong>\u201d &#8211;<\/strong> J. Belanger, API Specification Document <strong>(April 2004) CAE Inc.<\/strong><\/td><\/tr><\/tbody><\/table><\/figure>\n","protected":false},"excerpt":{"rendered":"<p>Jean B\u00e9langer R\u00e9sum\u00e9 (Physicien Industriel) Expertise J\u2019ai d\u00e9velopp\u00e9 des applications dans plusieurs domaines de la haute technologie comme contracteur\/consultant pour des organisations prestigieuses et de r\u00e9putation mondiale. Formation scientifique jumel\u00e9e \u00e0 plus de 20 ann\u00e9es d\u2019exp\u00e9rience en technologie de l\u2019information, je suis le candidat id\u00e9al sur des projets technologiques qui demandent une expertise scientifique. Durant [&hellip;]<\/p>\n","protected":false},"author":4,"featured_media":0,"parent":2880,"menu_order":0,"comment_status":"closed","ping_status":"closed","template":"","meta":{"footnotes":""},"class_list":["post-3183","page","type-page","status-publish","hentry"],"yoast_head":"<!-- This site is optimized with the Yoast SEO plugin v27.3 - https:\/\/yoast.com\/product\/yoast-seo-wordpress\/ -->\n<title>Mon Resume - Elligno<\/title>\n<meta name=\"robots\" content=\"index, follow, max-snippet:-1, max-image-preview:large, max-video-preview:-1\" \/>\n<link rel=\"canonical\" href=\"https:\/\/elligno.com\/fr\/profil\/mon-resume\/\" \/>\n<meta property=\"og:locale\" content=\"fr_FR\" \/>\n<meta property=\"og:type\" content=\"article\" \/>\n<meta property=\"og:title\" content=\"Mon Resume - Elligno\" \/>\n<meta property=\"og:description\" content=\"Jean B\u00e9langer R\u00e9sum\u00e9 (Physicien Industriel) Expertise J\u2019ai d\u00e9velopp\u00e9 des applications dans plusieurs domaines de la haute technologie comme contracteur\/consultant pour des organisations prestigieuses et de r\u00e9putation mondiale. Formation scientifique jumel\u00e9e \u00e0 plus de 20 ann\u00e9es d\u2019exp\u00e9rience en technologie de l\u2019information, je suis le candidat id\u00e9al sur des projets technologiques qui demandent une expertise scientifique. Durant [&hellip;]\" \/>\n<meta property=\"og:url\" content=\"https:\/\/elligno.com\/fr\/profil\/mon-resume\/\" \/>\n<meta property=\"og:site_name\" content=\"Elligno\" \/>\n<meta property=\"article:modified_time\" content=\"2023-11-20T14:22:33+00:00\" \/>\n<meta name=\"twitter:card\" content=\"summary_large_image\" \/>\n<meta name=\"twitter:label1\" content=\"Dur\u00e9e de lecture estim\u00e9e\" \/>\n\t<meta name=\"twitter:data1\" content=\"6 minutes\" \/>\n<script type=\"application\/ld+json\" class=\"yoast-schema-graph\">{\"@context\":\"https:\\\/\\\/schema.org\",\"@graph\":[{\"@type\":\"WebPage\",\"@id\":\"https:\\\/\\\/elligno.com\\\/fr\\\/profil\\\/mon-resume\\\/\",\"url\":\"https:\\\/\\\/elligno.com\\\/fr\\\/profil\\\/mon-resume\\\/\",\"name\":\"Mon Resume - Elligno\",\"isPartOf\":{\"@id\":\"https:\\\/\\\/elligno.com\\\/fr\\\/#website\"},\"datePublished\":\"2021-05-31T17:46:30+00:00\",\"dateModified\":\"2023-11-20T14:22:33+00:00\",\"breadcrumb\":{\"@id\":\"https:\\\/\\\/elligno.com\\\/fr\\\/profil\\\/mon-resume\\\/#breadcrumb\"},\"inLanguage\":\"fr-FR\",\"potentialAction\":[{\"@type\":\"ReadAction\",\"target\":[\"https:\\\/\\\/elligno.com\\\/fr\\\/profil\\\/mon-resume\\\/\"]}]},{\"@type\":\"BreadcrumbList\",\"@id\":\"https:\\\/\\\/elligno.com\\\/fr\\\/profil\\\/mon-resume\\\/#breadcrumb\",\"itemListElement\":[{\"@type\":\"ListItem\",\"position\":1,\"name\":\"Home\",\"item\":\"https:\\\/\\\/elligno.com\\\/fr\\\/\"},{\"@type\":\"ListItem\",\"position\":2,\"name\":\"Profil\",\"item\":\"https:\\\/\\\/elligno.com\\\/fr\\\/profil\\\/\"},{\"@type\":\"ListItem\",\"position\":3,\"name\":\"Mon Resume\"}]},{\"@type\":\"WebSite\",\"@id\":\"https:\\\/\\\/elligno.com\\\/fr\\\/#website\",\"url\":\"https:\\\/\\\/elligno.com\\\/fr\\\/\",\"name\":\"Elligno\",\"description\":\"Site dev elligno\",\"publisher\":{\"@id\":\"https:\\\/\\\/elligno.com\\\/fr\\\/#organization\"},\"potentialAction\":[{\"@type\":\"SearchAction\",\"target\":{\"@type\":\"EntryPoint\",\"urlTemplate\":\"https:\\\/\\\/elligno.com\\\/fr\\\/?s={search_term_string}\"},\"query-input\":{\"@type\":\"PropertyValueSpecification\",\"valueRequired\":true,\"valueName\":\"search_term_string\"}}],\"inLanguage\":\"fr-FR\"},{\"@type\":\"Organization\",\"@id\":\"https:\\\/\\\/elligno.com\\\/fr\\\/#organization\",\"name\":\"Elligno Inc\",\"url\":\"https:\\\/\\\/elligno.com\\\/fr\\\/\",\"logo\":{\"@type\":\"ImageObject\",\"inLanguage\":\"fr-FR\",\"@id\":\"https:\\\/\\\/elligno.com\\\/fr\\\/#\\\/schema\\\/logo\\\/image\\\/\",\"url\":\"https:\\\/\\\/elligno.com\\\/wp-content\\\/uploads\\\/2021\\\/06\\\/favicon.png\",\"contentUrl\":\"https:\\\/\\\/elligno.com\\\/wp-content\\\/uploads\\\/2021\\\/06\\\/favicon.png\",\"width\":256,\"height\":256,\"caption\":\"Elligno Inc\"},\"image\":{\"@id\":\"https:\\\/\\\/elligno.com\\\/fr\\\/#\\\/schema\\\/logo\\\/image\\\/\"}}]}<\/script>\n<!-- \/ Yoast SEO plugin. -->","yoast_head_json":{"title":"Mon Resume - Elligno","robots":{"index":"index","follow":"follow","max-snippet":"max-snippet:-1","max-image-preview":"max-image-preview:large","max-video-preview":"max-video-preview:-1"},"canonical":"https:\/\/elligno.com\/fr\/profil\/mon-resume\/","og_locale":"fr_FR","og_type":"article","og_title":"Mon Resume - Elligno","og_description":"Jean B\u00e9langer R\u00e9sum\u00e9 (Physicien Industriel) Expertise J\u2019ai d\u00e9velopp\u00e9 des applications dans plusieurs domaines de la haute technologie comme contracteur\/consultant pour des organisations prestigieuses et de r\u00e9putation mondiale. Formation scientifique jumel\u00e9e \u00e0 plus de 20 ann\u00e9es d\u2019exp\u00e9rience en technologie de l\u2019information, je suis le candidat id\u00e9al sur des projets technologiques qui demandent une expertise scientifique. Durant [&hellip;]","og_url":"https:\/\/elligno.com\/fr\/profil\/mon-resume\/","og_site_name":"Elligno","article_modified_time":"2023-11-20T14:22:33+00:00","twitter_card":"summary_large_image","twitter_misc":{"Dur\u00e9e de lecture estim\u00e9e":"6 minutes"},"schema":{"@context":"https:\/\/schema.org","@graph":[{"@type":"WebPage","@id":"https:\/\/elligno.com\/fr\/profil\/mon-resume\/","url":"https:\/\/elligno.com\/fr\/profil\/mon-resume\/","name":"Mon Resume - Elligno","isPartOf":{"@id":"https:\/\/elligno.com\/fr\/#website"},"datePublished":"2021-05-31T17:46:30+00:00","dateModified":"2023-11-20T14:22:33+00:00","breadcrumb":{"@id":"https:\/\/elligno.com\/fr\/profil\/mon-resume\/#breadcrumb"},"inLanguage":"fr-FR","potentialAction":[{"@type":"ReadAction","target":["https:\/\/elligno.com\/fr\/profil\/mon-resume\/"]}]},{"@type":"BreadcrumbList","@id":"https:\/\/elligno.com\/fr\/profil\/mon-resume\/#breadcrumb","itemListElement":[{"@type":"ListItem","position":1,"name":"Home","item":"https:\/\/elligno.com\/fr\/"},{"@type":"ListItem","position":2,"name":"Profil","item":"https:\/\/elligno.com\/fr\/profil\/"},{"@type":"ListItem","position":3,"name":"Mon Resume"}]},{"@type":"WebSite","@id":"https:\/\/elligno.com\/fr\/#website","url":"https:\/\/elligno.com\/fr\/","name":"Elligno","description":"Site dev elligno","publisher":{"@id":"https:\/\/elligno.com\/fr\/#organization"},"potentialAction":[{"@type":"SearchAction","target":{"@type":"EntryPoint","urlTemplate":"https:\/\/elligno.com\/fr\/?s={search_term_string}"},"query-input":{"@type":"PropertyValueSpecification","valueRequired":true,"valueName":"search_term_string"}}],"inLanguage":"fr-FR"},{"@type":"Organization","@id":"https:\/\/elligno.com\/fr\/#organization","name":"Elligno Inc","url":"https:\/\/elligno.com\/fr\/","logo":{"@type":"ImageObject","inLanguage":"fr-FR","@id":"https:\/\/elligno.com\/fr\/#\/schema\/logo\/image\/","url":"https:\/\/elligno.com\/wp-content\/uploads\/2021\/06\/favicon.png","contentUrl":"https:\/\/elligno.com\/wp-content\/uploads\/2021\/06\/favicon.png","width":256,"height":256,"caption":"Elligno Inc"},"image":{"@id":"https:\/\/elligno.com\/fr\/#\/schema\/logo\/image\/"}}]}},"_links":{"self":[{"href":"https:\/\/elligno.com\/fr\/wp-json\/wp\/v2\/pages\/3183","targetHints":{"allow":["GET"]}}],"collection":[{"href":"https:\/\/elligno.com\/fr\/wp-json\/wp\/v2\/pages"}],"about":[{"href":"https:\/\/elligno.com\/fr\/wp-json\/wp\/v2\/types\/page"}],"author":[{"embeddable":true,"href":"https:\/\/elligno.com\/fr\/wp-json\/wp\/v2\/users\/4"}],"replies":[{"embeddable":true,"href":"https:\/\/elligno.com\/fr\/wp-json\/wp\/v2\/comments?post=3183"}],"version-history":[{"count":0,"href":"https:\/\/elligno.com\/fr\/wp-json\/wp\/v2\/pages\/3183\/revisions"}],"up":[{"embeddable":true,"href":"https:\/\/elligno.com\/fr\/wp-json\/wp\/v2\/pages\/2880"}],"wp:attachment":[{"href":"https:\/\/elligno.com\/fr\/wp-json\/wp\/v2\/media?parent=3183"}],"curies":[{"name":"wp","href":"https:\/\/api.w.org\/{rel}","templated":true}]}}