{"id":3179,"date":"2021-05-31T12:23:40","date_gmt":"2021-05-31T17:23:40","guid":{"rendered":"https:\/\/elligno.com\/?page_id=3179"},"modified":"2023-11-13T10:57:53","modified_gmt":"2023-11-13T15:57:53","slug":"expertise-technique","status":"publish","type":"page","link":"https:\/\/elligno.com\/fr\/services\/expertise-technique\/","title":{"rendered":"Expertise Technique"},"content":{"rendered":"\n<h1 class=\"wp-block-heading\">Tableaux Expertises Techniques<\/h1>\n\n\n\n<p><\/p>\n\n\n\n<p><\/p>\n\n\n\n<h2 class=\"wp-block-heading\" id=\"programming-languages\">Langages de Programmation<\/h2>\n\n\n\n<figure class=\"wp-block-table is-style-regular\"><table class=\"has-fixed-layout\"><tbody><tr><td><strong>Language<\/strong><\/td><td><strong>Avanc\u00e9<\/strong><\/td><td><strong>Interm\u00e9diaire<\/strong><\/td><td><strong>D\u00e9butant<\/strong><\/td><td><strong>Status<\/strong><\/td><\/tr><tr><td>C++<\/td><td><strong>15 <\/strong>ann\u00e9es<\/td><td><\/td><td><\/td><td>Utilis\u00e9 pr\u00e9sentement<\/td><\/tr><tr><td>C++11\/14\/17<\/td><td><\/td><td>5 ann\u00e9es<\/td><td><\/td><td>Utilis\u00e9 pr\u00e9sentement<\/td><\/tr><tr><td>Java<\/td><td><\/td><td><\/td><td>1 an<\/td><td>Utilis\u00e9 2 ans pass\u00e9<\/td><\/tr><tr><td>Perl<\/td><td><\/td><td><\/td><td>2 ann\u00e9es<\/td><td>Utilis\u00e9 5 ans pass\u00e9<\/td><\/tr><tr><td>FORTRAN 90\/95<\/td><td><\/td><td>7 ann\u00e9es<\/td><td><\/td><td>Utilis\u00e9 5 ans pass\u00e9<\/td><\/tr><tr><td>STL C++ 11\/14\/17<\/td><td><\/td><td>4 ann\u00e9es<\/td><td><\/td><td>Utilis\u00e9 pr\u00e9sentement<\/td><\/tr><tr><td>Mathematica, R<\/td><td><\/td><td>3 ann\u00e9es<\/td><td><\/td><td>Utilis\u00e9 pr\u00e9sentement<\/td><\/tr><tr><td>programmation Objet-Orient\u00e9 <\/td><td>12 ann\u00e9es<\/td><td><\/td><td><\/td><td>Utilis\u00e9 pr\u00e9sentement<\/td><\/tr><\/tbody><\/table><\/figure>\n\n\n\n<p><\/p>\n\n\n\n<h2 class=\"wp-block-heading\" id=\"simulation-and-scientific-programming\">Simulation et Programmation Scientifique<\/h2>\n\n\n\n<figure class=\"wp-block-table\"><table><tbody><tr><td><strong>Technolog<\/strong>ie<\/td><td><strong>Domaine<\/strong><\/td><td><strong>Application <\/strong><\/td><td><strong>Status<\/strong><\/td><\/tr><tr><td>Simulation Num\u00e9rique<\/td><td>Programm\u00e9 des algorithmes physique en m\u00e9canique des fluides<\/td><td>Projet de transfert technologique (Universit\u00e9-Industrie) hydro-\u00e9lectricit\u00e9<\/td><td>plusieurs ann\u00e9es pass\u00e9es<\/td><\/tr><tr><td>Algorithme Physique<\/td><td>D\u00e9velopp\u00e9  une application de mod\u00e9lisation physique<\/td><td>Simulation m\u00e9dical, d\u00e9fense, mod\u00e9lisation physique<\/td><td>utilis\u00e9 pr\u00e9sentement<\/td><\/tr><tr><td>Programmation Math\u00e9matique <\/td><td>alg\u00e8bre Lin\u00e9aire , 3D API<\/td><td>d\u00e9velopp\u00e9 une librairie de math 3D (physique 3D mod\u00e9lisation corps rigide)<\/td><td>Utilis\u00e9 2 ann\u00e9es pass\u00e9es<\/td><\/tr><tr><td>Programmation 3D<\/td><td>3<sup>rd<\/sup>&nbsp;party API based on OpenGLCAE in-house library<\/td><td>application militaire, r\u00e9alit\u00e9 virtuelle et jeux vid\u00e9o<\/td><td>utilis\u00e9 pr\u00e9sentement<\/td><\/tr><tr><td>Video Streaming<\/td><td>GStreamer GNU librairie<\/td><td>vid\u00e9o surveillance domaine du transport<\/td><td>utilis\u00e9 2 ann\u00e9es passe<\/td><\/tr><tr><td>Image processing<\/td><td>Halcon imaging API<\/td><td> scierie (bois d&rsquo;oeuvre) algorithme d\u00e9tection imperfection<\/td><td>plusieurs ann\u00e9es pass\u00e9es<\/td><\/tr><tr><td>\u2026<\/td><td><\/td><td><\/td><td>\u2026<\/td><\/tr><\/tbody><\/table><\/figure>\n\n\n\n<h2 class=\"wp-block-heading\" id=\"library-and-practices\">Librairies et Pratiques<\/h2>\n\n\n\n<figure class=\"wp-block-table\"><table><tbody><tr><td><strong>Technolog<\/strong>ie<\/td><td><strong>Librar<\/strong>ie<\/td><td><strong>Status<\/strong><\/td><\/tr><tr><td>Unit test<\/td><td>Google unit test, VS unit test framework<\/td><td>Utilis\u00e9 pr\u00e9sentement<\/td><\/tr><tr><td>Scientific library<\/td><td>Numerical Recipes in C++, Boost Ublas, Std<\/td><td>Utilis\u00e9 pr\u00e9sentement<\/td><\/tr><tr><td>Object-Oriented programming<\/td><td>Standard Library<\/td><td>Utilis\u00e9 pr\u00e9sentement<\/td><\/tr><tr><td>3D modeling<\/td><td>OSG (Open Scene Graph), OpenGL, Autodesk FBX<\/td><td>Utilis\u00e9 2 ann\u00e9es pass\u00e9es<\/td><\/tr><tr><td>GUI Development<\/td><td>QT and QML, Java Swing, Win32 API<\/td><td>Utilis\u00e9 pr\u00e9sentement<\/td><\/tr><tr><td>Agile, Scrum, Kanban<\/td><td>Jira, Rallye, Azure DevOps<\/td><td>Utilis\u00e9 pr\u00e9sentement<\/td><\/tr><tr><td>Boost<\/td><td>Pointer container, string algorithm, algorithm adaptor, \u2026<\/td><td>Utilis\u00e9 pr\u00e9sentement<\/td><\/tr><tr><td>UML<\/td><td>Enterprise Architect<\/td><td>Utilis\u00e9 pr\u00e9sentement<\/td><\/tr><tr><td>Documentation<\/td><td>Doxygen, markdown, pandoc, Latex<\/td><td>Utilis\u00e9 pr\u00e9sentement<\/td><\/tr><tr><td>IDE<\/td><td>VS, Netbeans, eclipse, visual studio code<\/td><td>Utilis\u00e9 pr\u00e9sentement<\/td><\/tr><\/tbody><\/table><\/figure>\n","protected":false},"excerpt":{"rendered":"<p>Tableaux Expertises Techniques Langages de Programmation Language Avanc\u00e9 Interm\u00e9diaire D\u00e9butant Status C++ 15 ann\u00e9es Utilis\u00e9 pr\u00e9sentement C++11\/14\/17 5 ann\u00e9es Utilis\u00e9 pr\u00e9sentement Java 1 an Utilis\u00e9 2 ans pass\u00e9 Perl 2 ann\u00e9es Utilis\u00e9 5 ans pass\u00e9 FORTRAN 90\/95 7 ann\u00e9es Utilis\u00e9 5 ans pass\u00e9 STL C++ 11\/14\/17 4 ann\u00e9es Utilis\u00e9 pr\u00e9sentement Mathematica, R 3 ann\u00e9es Utilis\u00e9 [&hellip;]<\/p>\n","protected":false},"author":4,"featured_media":0,"parent":2883,"menu_order":0,"comment_status":"closed","ping_status":"closed","template":"","meta":{"footnotes":""},"class_list":["post-3179","page","type-page","status-publish","hentry"],"yoast_head":"<!-- This site is optimized with the Yoast SEO plugin v27.4 - https:\/\/yoast.com\/product\/yoast-seo-wordpress\/ -->\n<title>Expertise Technique - Elligno<\/title>\n<meta name=\"robots\" content=\"index, follow, max-snippet:-1, max-image-preview:large, max-video-preview:-1\" \/>\n<link rel=\"canonical\" href=\"https:\/\/elligno.com\/fr\/services\/expertise-technique\/\" \/>\n<meta property=\"og:locale\" content=\"fr_FR\" \/>\n<meta property=\"og:type\" content=\"article\" \/>\n<meta property=\"og:title\" content=\"Expertise Technique - Elligno\" \/>\n<meta property=\"og:description\" content=\"Tableaux Expertises Techniques Langages de Programmation Language Avanc\u00e9 Interm\u00e9diaire D\u00e9butant Status C++ 15 ann\u00e9es Utilis\u00e9 pr\u00e9sentement C++11\/14\/17 5 ann\u00e9es Utilis\u00e9 pr\u00e9sentement Java 1 an Utilis\u00e9 2 ans pass\u00e9 Perl 2 ann\u00e9es Utilis\u00e9 5 ans pass\u00e9 FORTRAN 90\/95 7 ann\u00e9es Utilis\u00e9 5 ans pass\u00e9 STL C++ 11\/14\/17 4 ann\u00e9es Utilis\u00e9 pr\u00e9sentement Mathematica, R 3 ann\u00e9es Utilis\u00e9 [&hellip;]\" \/>\n<meta property=\"og:url\" content=\"https:\/\/elligno.com\/fr\/services\/expertise-technique\/\" \/>\n<meta property=\"og:site_name\" content=\"Elligno\" \/>\n<meta property=\"article:modified_time\" content=\"2023-11-13T15:57:53+00:00\" \/>\n<meta name=\"twitter:card\" content=\"summary_large_image\" \/>\n<meta name=\"twitter:label1\" content=\"Dur\u00e9e de lecture estim\u00e9e\" \/>\n\t<meta name=\"twitter:data1\" content=\"2 minutes\" \/>\n<script type=\"application\/ld+json\" class=\"yoast-schema-graph\">{\"@context\":\"https:\\\/\\\/schema.org\",\"@graph\":[{\"@type\":\"WebPage\",\"@id\":\"https:\\\/\\\/elligno.com\\\/fr\\\/services\\\/expertise-technique\\\/\",\"url\":\"https:\\\/\\\/elligno.com\\\/fr\\\/services\\\/expertise-technique\\\/\",\"name\":\"Expertise Technique - Elligno\",\"isPartOf\":{\"@id\":\"https:\\\/\\\/elligno.com\\\/fr\\\/#website\"},\"datePublished\":\"2021-05-31T17:23:40+00:00\",\"dateModified\":\"2023-11-13T15:57:53+00:00\",\"breadcrumb\":{\"@id\":\"https:\\\/\\\/elligno.com\\\/fr\\\/services\\\/expertise-technique\\\/#breadcrumb\"},\"inLanguage\":\"fr-FR\",\"potentialAction\":[{\"@type\":\"ReadAction\",\"target\":[\"https:\\\/\\\/elligno.com\\\/fr\\\/services\\\/expertise-technique\\\/\"]}]},{\"@type\":\"BreadcrumbList\",\"@id\":\"https:\\\/\\\/elligno.com\\\/fr\\\/services\\\/expertise-technique\\\/#breadcrumb\",\"itemListElement\":[{\"@type\":\"ListItem\",\"position\":1,\"name\":\"Home\",\"item\":\"https:\\\/\\\/elligno.com\\\/fr\\\/\"},{\"@type\":\"ListItem\",\"position\":2,\"name\":\"Services\",\"item\":\"https:\\\/\\\/elligno.com\\\/fr\\\/services\\\/\"},{\"@type\":\"ListItem\",\"position\":3,\"name\":\"Expertise Technique\"}]},{\"@type\":\"WebSite\",\"@id\":\"https:\\\/\\\/elligno.com\\\/fr\\\/#website\",\"url\":\"https:\\\/\\\/elligno.com\\\/fr\\\/\",\"name\":\"Elligno\",\"description\":\"Site dev elligno\",\"publisher\":{\"@id\":\"https:\\\/\\\/elligno.com\\\/fr\\\/#organization\"},\"potentialAction\":[{\"@type\":\"SearchAction\",\"target\":{\"@type\":\"EntryPoint\",\"urlTemplate\":\"https:\\\/\\\/elligno.com\\\/fr\\\/?s={search_term_string}\"},\"query-input\":{\"@type\":\"PropertyValueSpecification\",\"valueRequired\":true,\"valueName\":\"search_term_string\"}}],\"inLanguage\":\"fr-FR\"},{\"@type\":\"Organization\",\"@id\":\"https:\\\/\\\/elligno.com\\\/fr\\\/#organization\",\"name\":\"Elligno Inc\",\"url\":\"https:\\\/\\\/elligno.com\\\/fr\\\/\",\"logo\":{\"@type\":\"ImageObject\",\"inLanguage\":\"fr-FR\",\"@id\":\"https:\\\/\\\/elligno.com\\\/fr\\\/#\\\/schema\\\/logo\\\/image\\\/\",\"url\":\"https:\\\/\\\/elligno.com\\\/wp-content\\\/uploads\\\/2021\\\/06\\\/favicon.png\",\"contentUrl\":\"https:\\\/\\\/elligno.com\\\/wp-content\\\/uploads\\\/2021\\\/06\\\/favicon.png\",\"width\":256,\"height\":256,\"caption\":\"Elligno Inc\"},\"image\":{\"@id\":\"https:\\\/\\\/elligno.com\\\/fr\\\/#\\\/schema\\\/logo\\\/image\\\/\"}}]}<\/script>\n<!-- \/ Yoast SEO plugin. -->","yoast_head_json":{"title":"Expertise Technique - Elligno","robots":{"index":"index","follow":"follow","max-snippet":"max-snippet:-1","max-image-preview":"max-image-preview:large","max-video-preview":"max-video-preview:-1"},"canonical":"https:\/\/elligno.com\/fr\/services\/expertise-technique\/","og_locale":"fr_FR","og_type":"article","og_title":"Expertise Technique - Elligno","og_description":"Tableaux Expertises Techniques Langages de Programmation Language Avanc\u00e9 Interm\u00e9diaire D\u00e9butant Status C++ 15 ann\u00e9es Utilis\u00e9 pr\u00e9sentement C++11\/14\/17 5 ann\u00e9es Utilis\u00e9 pr\u00e9sentement Java 1 an Utilis\u00e9 2 ans pass\u00e9 Perl 2 ann\u00e9es Utilis\u00e9 5 ans pass\u00e9 FORTRAN 90\/95 7 ann\u00e9es Utilis\u00e9 5 ans pass\u00e9 STL C++ 11\/14\/17 4 ann\u00e9es Utilis\u00e9 pr\u00e9sentement Mathematica, R 3 ann\u00e9es Utilis\u00e9 [&hellip;]","og_url":"https:\/\/elligno.com\/fr\/services\/expertise-technique\/","og_site_name":"Elligno","article_modified_time":"2023-11-13T15:57:53+00:00","twitter_card":"summary_large_image","twitter_misc":{"Dur\u00e9e de lecture estim\u00e9e":"2 minutes"},"schema":{"@context":"https:\/\/schema.org","@graph":[{"@type":"WebPage","@id":"https:\/\/elligno.com\/fr\/services\/expertise-technique\/","url":"https:\/\/elligno.com\/fr\/services\/expertise-technique\/","name":"Expertise Technique - Elligno","isPartOf":{"@id":"https:\/\/elligno.com\/fr\/#website"},"datePublished":"2021-05-31T17:23:40+00:00","dateModified":"2023-11-13T15:57:53+00:00","breadcrumb":{"@id":"https:\/\/elligno.com\/fr\/services\/expertise-technique\/#breadcrumb"},"inLanguage":"fr-FR","potentialAction":[{"@type":"ReadAction","target":["https:\/\/elligno.com\/fr\/services\/expertise-technique\/"]}]},{"@type":"BreadcrumbList","@id":"https:\/\/elligno.com\/fr\/services\/expertise-technique\/#breadcrumb","itemListElement":[{"@type":"ListItem","position":1,"name":"Home","item":"https:\/\/elligno.com\/fr\/"},{"@type":"ListItem","position":2,"name":"Services","item":"https:\/\/elligno.com\/fr\/services\/"},{"@type":"ListItem","position":3,"name":"Expertise Technique"}]},{"@type":"WebSite","@id":"https:\/\/elligno.com\/fr\/#website","url":"https:\/\/elligno.com\/fr\/","name":"Elligno","description":"Site dev elligno","publisher":{"@id":"https:\/\/elligno.com\/fr\/#organization"},"potentialAction":[{"@type":"SearchAction","target":{"@type":"EntryPoint","urlTemplate":"https:\/\/elligno.com\/fr\/?s={search_term_string}"},"query-input":{"@type":"PropertyValueSpecification","valueRequired":true,"valueName":"search_term_string"}}],"inLanguage":"fr-FR"},{"@type":"Organization","@id":"https:\/\/elligno.com\/fr\/#organization","name":"Elligno Inc","url":"https:\/\/elligno.com\/fr\/","logo":{"@type":"ImageObject","inLanguage":"fr-FR","@id":"https:\/\/elligno.com\/fr\/#\/schema\/logo\/image\/","url":"https:\/\/elligno.com\/wp-content\/uploads\/2021\/06\/favicon.png","contentUrl":"https:\/\/elligno.com\/wp-content\/uploads\/2021\/06\/favicon.png","width":256,"height":256,"caption":"Elligno Inc"},"image":{"@id":"https:\/\/elligno.com\/fr\/#\/schema\/logo\/image\/"}}]}},"_links":{"self":[{"href":"https:\/\/elligno.com\/fr\/wp-json\/wp\/v2\/pages\/3179","targetHints":{"allow":["GET"]}}],"collection":[{"href":"https:\/\/elligno.com\/fr\/wp-json\/wp\/v2\/pages"}],"about":[{"href":"https:\/\/elligno.com\/fr\/wp-json\/wp\/v2\/types\/page"}],"author":[{"embeddable":true,"href":"https:\/\/elligno.com\/fr\/wp-json\/wp\/v2\/users\/4"}],"replies":[{"embeddable":true,"href":"https:\/\/elligno.com\/fr\/wp-json\/wp\/v2\/comments?post=3179"}],"version-history":[{"count":0,"href":"https:\/\/elligno.com\/fr\/wp-json\/wp\/v2\/pages\/3179\/revisions"}],"up":[{"embeddable":true,"href":"https:\/\/elligno.com\/fr\/wp-json\/wp\/v2\/pages\/2883"}],"wp:attachment":[{"href":"https:\/\/elligno.com\/fr\/wp-json\/wp\/v2\/media?parent=3179"}],"curies":[{"name":"wp","href":"https:\/\/api.w.org\/{rel}","templated":true}]}}