{"id":2887,"date":"2021-05-17T10:57:52","date_gmt":"2021-05-17T15:57:52","guid":{"rendered":"https:\/\/elligno.com\/contact\/"},"modified":"2023-05-26T14:06:49","modified_gmt":"2023-05-26T19:06:49","slug":"contact","status":"publish","type":"page","link":"https:\/\/elligno.com\/fr\/contact\/","title":{"rendered":"Contact"},"content":{"rendered":"\n<style type=\"text\/css\" data-created_by=\"avia_inline_auto\" id=\"style-css-av-2xgek-78fdfadb6a6fdf51825394a9487e297e\">\n.flex_column.av-2xgek-78fdfadb6a6fdf51825394a9487e297e{\nborder-radius:0px 0px 0px 0px;\npadding:0px 0px 0px 0px;\n}\n<\/style>\n<div  class='flex_column av-2xgek-78fdfadb6a6fdf51825394a9487e297e av_one_full  avia-builder-el-0  el_before_av_one_full  avia-builder-el-first  first flex_column_div av-zero-column-padding  '     ><p>\n<style type=\"text\/css\" data-created_by=\"avia_inline_auto\" id=\"style-css-av-kox1fxsz-460612e322eff0639fb3f1f5d49019c4\">\n#top .av-special-heading.av-kox1fxsz-460612e322eff0639fb3f1f5d49019c4{\npadding-bottom:10px;\n}\nbody .av-special-heading.av-kox1fxsz-460612e322eff0639fb3f1f5d49019c4 .av-special-heading-tag .heading-char{\nfont-size:25px;\n}\n.av-special-heading.av-kox1fxsz-460612e322eff0639fb3f1f5d49019c4 .av-subheading{\nfont-size:15px;\n}\n<\/style>\n<div  class='av-special-heading av-kox1fxsz-460612e322eff0639fb3f1f5d49019c4 av-special-heading-h1 blockquote modern-quote  avia-builder-el-1  el_before_av_textblock  avia-builder-el-first '><h1 class='av-special-heading-tag '  itemprop=\"headline\"  >Contactez-nous<\/h1><div class=\"special-heading-border\"><div class=\"special-heading-inner-border\"><\/div><\/div><\/div><br \/>\n<section  class='av_textblock_section av-kox1h1us-48d85ff475cde833bea19efb11189dd0 '   itemscope=\"itemscope\" itemtype=\"https:\/\/schema.org\/CreativeWork\" ><div class='avia_textblock'  itemprop=\"text\" ><h2>Elligno Inc.<\/h2>\n<p>4875 Edouard-Montpetit,<\/p>\n<p>suite 10,<\/p>\n<p>Montr\u00e9al, Qc.<\/p>\n<p>Que: 514-341-0236<\/p>\n<p><a href=\"mailto:info@elligno.com\">info@elligno.com<\/a><\/p>\n<\/div><\/section><\/p><\/div>\n\n<style type=\"text\/css\" data-created_by=\"avia_inline_auto\" id=\"style-css-av-1uosw-eef92c23a563d1901ff02b6dc6c3b8df\">\n.flex_column.av-1uosw-eef92c23a563d1901ff02b6dc6c3b8df{\nborder-radius:0px 0px 0px 0px;\npadding:0px 0px 0px 0px;\n}\n<\/style>\n<div  class='flex_column av-1uosw-eef92c23a563d1901ff02b6dc6c3b8df av_one_full  avia-builder-el-3  el_after_av_one_full  avia-builder-el-last  first flex_column_div av-zero-column-padding  column-top-margin'     ><form action=\"https:\/\/elligno.com\/fr\/contact\/\" method=\"post\" data-fields-with-error=\"Erreurs trouv\u00e9es dans les champs suivants :\" class=\"avia_ajax_form av-form-labels-visible   avia-builder-el-4  avia-builder-el-no-sibling   \" data-avia-form-id=\"1\" data-avia-redirect='' ><fieldset><p class='  first_form  form_element form_fullwidth' id='element_avia_1_1'><label for=\"avia_1_1\">Nom <abbr class=\"required\" title=\"requis(e)\">*<\/abbr><\/label> <input name=\"avia_1_1\" class=\"text_input is_empty\" type=\"text\" id=\"avia_1_1\" value=\"\" \/><\/p><p class='  first_form  form_element form_fullwidth' id='element_avia_2_1'><label for=\"avia_2_1\">Courriel <abbr class=\"required\" title=\"requis(e)\">*<\/abbr><\/label> <input name=\"avia_2_1\" class=\"text_input is_email\" type=\"text\" id=\"avia_2_1\" value=\"\" \/><\/p><p class='  first_form  form_element form_fullwidth' id='element_avia_3_1'><label for=\"avia_3_1\">T\u00e9l\u00e9phone <abbr class=\"required\" title=\"requis(e)\">*<\/abbr><\/label> <input name=\"avia_3_1\" class=\"text_input is_empty\" type=\"text\" id=\"avia_3_1\" value=\"\" \/><\/p><p class='  first_form  form_element form_fullwidth' id='element_avia_4_1'><label for=\"avia_4_1\" class=\"textare_label hidden textare_label_avia_4_1\">Message <abbr class=\"required\" title=\"requis(e)\">*<\/abbr><\/label><textarea  name=\"avia_4_1\" class=\"text_area is_empty\" cols=\"40\" rows=\"7\" id=\"avia_4_1\" ><\/textarea><\/p><p class=\"hidden\"><input type=\"text\" name=\"avia_5_1\" class=\"hidden \" id=\"avia_5_1\" value=\"\" \/><\/p><div id='avia_6_1' class='av-recaptcha-area  first_form  form_element form_fullwidth '  data-container_class=\"\" data-custom_class=\"\" data-context=\"av_contact_form\" data-token_input=\"av_recaptcha_token\" data-version=\"avia_recaptcha_v2\" data-theme=\"light\" data-size=\"normal\" data-score=\"0.5\" data-text_to_preview=\"\" data-value=\"\"><div class=\"av-google-badge-message hidden\">Ce site est prot\u00e9g\u00e9 par reCAPTCHA et la <a href=\"https:\/\/policies.google.com\/privacy\">politique de confidentialit\u00e9<\/a> de Google et <a href=\"https:\/\/policies.google.com\/terms\">leur conditions d\u2019utilisation<\/a> s\u2019appliquent.<\/div><\/div><p class=\"form_element \"><input type=\"hidden\" value=\"1\" name=\"avia_generated_form1\" \/><input type=\"submit\" value=\"Envoyer\" class=\"button\"  data-sending-label=\"Envoi\"\/><\/p><\/fieldset><div class=\"avia-disabled-form\">Ce formulaire est d\u00e9sactiv\u00e9 dans la mesure o\u00f9 vous refusez d\u2019accepter le service Google reCAPTCHA n\u00e9cessaire pour valider toute exp\u00e9dition de message depuis celui-ci.<\/div><\/form><div id=\"ajaxresponse_1\" class=\"ajaxresponse ajaxresponse_1 hidden\"><\/div><\/div>\n","protected":false},"excerpt":{"rendered":"","protected":false},"author":1,"featured_media":0,"parent":0,"menu_order":0,"comment_status":"closed","ping_status":"closed","template":"","meta":{"footnotes":""},"class_list":["post-2887","page","type-page","status-publish","hentry"],"yoast_head":"<!-- This site is optimized with the Yoast SEO plugin v27.3 - https:\/\/yoast.com\/product\/yoast-seo-wordpress\/ -->\n<title>Contact - Elligno<\/title>\n<meta name=\"robots\" content=\"index, follow, max-snippet:-1, max-image-preview:large, max-video-preview:-1\" \/>\n<link rel=\"canonical\" href=\"https:\/\/elligno.com\/fr\/contact\/\" \/>\n<meta property=\"og:locale\" content=\"fr_FR\" \/>\n<meta property=\"og:type\" content=\"article\" \/>\n<meta property=\"og:title\" content=\"Contact - Elligno\" \/>\n<meta property=\"og:url\" content=\"https:\/\/elligno.com\/fr\/contact\/\" \/>\n<meta property=\"og:site_name\" content=\"Elligno\" \/>\n<meta property=\"article:modified_time\" content=\"2023-05-26T19:06:49+00:00\" \/>\n<meta name=\"twitter:card\" content=\"summary_large_image\" \/>\n<meta name=\"twitter:label1\" content=\"Dur\u00e9e de lecture estim\u00e9e\" \/>\n\t<meta name=\"twitter:data1\" content=\"2 minutes\" \/>\n<script type=\"application\/ld+json\" class=\"yoast-schema-graph\">{\"@context\":\"https:\\\/\\\/schema.org\",\"@graph\":[{\"@type\":\"WebPage\",\"@id\":\"https:\\\/\\\/elligno.com\\\/fr\\\/contact\\\/\",\"url\":\"https:\\\/\\\/elligno.com\\\/fr\\\/contact\\\/\",\"name\":\"Contact - Elligno\",\"isPartOf\":{\"@id\":\"https:\\\/\\\/elligno.com\\\/fr\\\/#website\"},\"datePublished\":\"2021-05-17T15:57:52+00:00\",\"dateModified\":\"2023-05-26T19:06:49+00:00\",\"breadcrumb\":{\"@id\":\"https:\\\/\\\/elligno.com\\\/fr\\\/contact\\\/#breadcrumb\"},\"inLanguage\":\"fr-FR\",\"potentialAction\":[{\"@type\":\"ReadAction\",\"target\":[\"https:\\\/\\\/elligno.com\\\/fr\\\/contact\\\/\"]}]},{\"@type\":\"BreadcrumbList\",\"@id\":\"https:\\\/\\\/elligno.com\\\/fr\\\/contact\\\/#breadcrumb\",\"itemListElement\":[{\"@type\":\"ListItem\",\"position\":1,\"name\":\"Home\",\"item\":\"https:\\\/\\\/elligno.com\\\/fr\\\/\"},{\"@type\":\"ListItem\",\"position\":2,\"name\":\"Contact\"}]},{\"@type\":\"WebSite\",\"@id\":\"https:\\\/\\\/elligno.com\\\/fr\\\/#website\",\"url\":\"https:\\\/\\\/elligno.com\\\/fr\\\/\",\"name\":\"Elligno\",\"description\":\"Site dev elligno\",\"publisher\":{\"@id\":\"https:\\\/\\\/elligno.com\\\/fr\\\/#organization\"},\"potentialAction\":[{\"@type\":\"SearchAction\",\"target\":{\"@type\":\"EntryPoint\",\"urlTemplate\":\"https:\\\/\\\/elligno.com\\\/fr\\\/?s={search_term_string}\"},\"query-input\":{\"@type\":\"PropertyValueSpecification\",\"valueRequired\":true,\"valueName\":\"search_term_string\"}}],\"inLanguage\":\"fr-FR\"},{\"@type\":\"Organization\",\"@id\":\"https:\\\/\\\/elligno.com\\\/fr\\\/#organization\",\"name\":\"Elligno Inc\",\"url\":\"https:\\\/\\\/elligno.com\\\/fr\\\/\",\"logo\":{\"@type\":\"ImageObject\",\"inLanguage\":\"fr-FR\",\"@id\":\"https:\\\/\\\/elligno.com\\\/fr\\\/#\\\/schema\\\/logo\\\/image\\\/\",\"url\":\"https:\\\/\\\/elligno.com\\\/wp-content\\\/uploads\\\/2021\\\/06\\\/favicon.png\",\"contentUrl\":\"https:\\\/\\\/elligno.com\\\/wp-content\\\/uploads\\\/2021\\\/06\\\/favicon.png\",\"width\":256,\"height\":256,\"caption\":\"Elligno Inc\"},\"image\":{\"@id\":\"https:\\\/\\\/elligno.com\\\/fr\\\/#\\\/schema\\\/logo\\\/image\\\/\"}}]}<\/script>\n<!-- \/ Yoast SEO plugin. -->","yoast_head_json":{"title":"Contact - Elligno","robots":{"index":"index","follow":"follow","max-snippet":"max-snippet:-1","max-image-preview":"max-image-preview:large","max-video-preview":"max-video-preview:-1"},"canonical":"https:\/\/elligno.com\/fr\/contact\/","og_locale":"fr_FR","og_type":"article","og_title":"Contact - Elligno","og_url":"https:\/\/elligno.com\/fr\/contact\/","og_site_name":"Elligno","article_modified_time":"2023-05-26T19:06:49+00:00","twitter_card":"summary_large_image","twitter_misc":{"Dur\u00e9e de lecture estim\u00e9e":"2 minutes"},"schema":{"@context":"https:\/\/schema.org","@graph":[{"@type":"WebPage","@id":"https:\/\/elligno.com\/fr\/contact\/","url":"https:\/\/elligno.com\/fr\/contact\/","name":"Contact - Elligno","isPartOf":{"@id":"https:\/\/elligno.com\/fr\/#website"},"datePublished":"2021-05-17T15:57:52+00:00","dateModified":"2023-05-26T19:06:49+00:00","breadcrumb":{"@id":"https:\/\/elligno.com\/fr\/contact\/#breadcrumb"},"inLanguage":"fr-FR","potentialAction":[{"@type":"ReadAction","target":["https:\/\/elligno.com\/fr\/contact\/"]}]},{"@type":"BreadcrumbList","@id":"https:\/\/elligno.com\/fr\/contact\/#breadcrumb","itemListElement":[{"@type":"ListItem","position":1,"name":"Home","item":"https:\/\/elligno.com\/fr\/"},{"@type":"ListItem","position":2,"name":"Contact"}]},{"@type":"WebSite","@id":"https:\/\/elligno.com\/fr\/#website","url":"https:\/\/elligno.com\/fr\/","name":"Elligno","description":"Site dev elligno","publisher":{"@id":"https:\/\/elligno.com\/fr\/#organization"},"potentialAction":[{"@type":"SearchAction","target":{"@type":"EntryPoint","urlTemplate":"https:\/\/elligno.com\/fr\/?s={search_term_string}"},"query-input":{"@type":"PropertyValueSpecification","valueRequired":true,"valueName":"search_term_string"}}],"inLanguage":"fr-FR"},{"@type":"Organization","@id":"https:\/\/elligno.com\/fr\/#organization","name":"Elligno Inc","url":"https:\/\/elligno.com\/fr\/","logo":{"@type":"ImageObject","inLanguage":"fr-FR","@id":"https:\/\/elligno.com\/fr\/#\/schema\/logo\/image\/","url":"https:\/\/elligno.com\/wp-content\/uploads\/2021\/06\/favicon.png","contentUrl":"https:\/\/elligno.com\/wp-content\/uploads\/2021\/06\/favicon.png","width":256,"height":256,"caption":"Elligno Inc"},"image":{"@id":"https:\/\/elligno.com\/fr\/#\/schema\/logo\/image\/"}}]}},"_links":{"self":[{"href":"https:\/\/elligno.com\/fr\/wp-json\/wp\/v2\/pages\/2887","targetHints":{"allow":["GET"]}}],"collection":[{"href":"https:\/\/elligno.com\/fr\/wp-json\/wp\/v2\/pages"}],"about":[{"href":"https:\/\/elligno.com\/fr\/wp-json\/wp\/v2\/types\/page"}],"author":[{"embeddable":true,"href":"https:\/\/elligno.com\/fr\/wp-json\/wp\/v2\/users\/1"}],"replies":[{"embeddable":true,"href":"https:\/\/elligno.com\/fr\/wp-json\/wp\/v2\/comments?post=2887"}],"version-history":[{"count":0,"href":"https:\/\/elligno.com\/fr\/wp-json\/wp\/v2\/pages\/2887\/revisions"}],"wp:attachment":[{"href":"https:\/\/elligno.com\/fr\/wp-json\/wp\/v2\/media?parent=2887"}],"curies":[{"name":"wp","href":"https:\/\/api.w.org\/{rel}","templated":true}]}}