{"id":2885,"date":"2021-05-17T10:59:17","date_gmt":"2021-05-17T15:59:17","guid":{"rendered":"https:\/\/elligno.com\/portfolio\/"},"modified":"2024-05-29T07:55:48","modified_gmt":"2024-05-29T12:55:48","slug":"portfolio","status":"publish","type":"page","link":"https:\/\/elligno.com\/fr\/portfolio\/","title":{"rendered":"Portfolio"},"content":{"rendered":"\n<h1 class=\"wp-block-heading\">PORTFOLIO<\/h1>\n\n\n\n<h2 class=\"wp-block-heading\"><strong>Physici<\/strong>en <strong>Industriel<\/strong><\/h2>\n\n\n\n<p>Pour \u00eatre plus comp\u00e9titive et plus efficace, les compagnies doivent sans cesse se d\u00e9marquer par leur capacit\u00e9 \u00e0 innover par de nouveaux proc\u00e9d\u00e9s et nouveaux produits technos. La technologie devient donc le nouveau d\u00e9fi des entreprises. Plupart du temps ces produits technos sont des programmes informatiques (application \u00e0 caract\u00e8re scientifique) qui font appels \u00e0 des algorithmes scientifiques. L\u2019industrie du jeux vid\u00e9o est un bel exemple, pour rendre le jeu plus r\u00e9aliste, on incorpore les effets de la physique. Physicien doit s\u2019adapter aux diff\u00e9rents pratiques logiciels mais \u00e9galement aux nouveaux langages de programmation. Ces produits technologiques font appel \u00e0 un large \u00e9ventail de connaissances et n\u00e9cessitent des professionnels hautement qualifi\u00e9es poss\u00e9dant des comp\u00e9tences fond\u00e9es sur l\u2019informatique, les math\u00e9matiques, la physique.<\/p>\n\n\n\n<p>Physicien industriel est un professionnel multidisciplinaire avec des aptitudes tr\u00e8s pouss\u00e9e d\u2019analyse et de r\u00e9solution de probl\u00e8mes complexes et capable de transformer les avanc\u00e9es scientifiques en applications technologiques.<\/p>\n\n\n\n<p>Je pr\u00e9sente mes r\u00e9alisations professionnels dans le d\u00e9veloppement d\u2019applications \u00e0 caract\u00e8re scientifique pour plusieurs domaines industriels, o\u00f9 j\u2019ai d\u00e9velopp\u00e9 une expertise tr\u00e8s pointue qui est la convergence de plusieurs champs scientifiques ainsi que de leurs applications technologiques.<\/p>\n\n\n\n<h2 class=\"wp-block-heading\"><strong><em>Industrie de la Simulation<\/em><\/strong><\/h2>\n\n\n\n<p>Application dans le domaine de l\u2019am\u00e9nagement int\u00e9rieur (conception de mod\u00e8le 3D en utilisant la r\u00e9alit\u00e9 virtuelle afin d\u2019augmenter le r\u00e9alisme lors de la conception). Chirurgie assist\u00e9e par ordinateur: permet de reproduire dans un environnement virtuel les \u00e9tapes d\u2019une chirurgie pour la formation de nouveaux chirurgiens. Nous avons mis au point une librairie.<\/p>\n\n\n\n<p><a href=\"https:\/\/elligno.com\/fr\/portfolio\/industrie-simulation\/\" target=\"_blank\" rel=\"noreferrer noopener\">en savoir plus<\/a><\/p>\n\n\n\n<h2 class=\"wp-block-heading\"><strong><em>Industrie du bois d&rsquo;oeuvre<\/em><\/strong><\/h2>\n\n\n\n<p>Scierie utilise des techniques d\u2019imagerie pour optimiser la coupe de bois. Mise au point d\u2019un algorithme qui permet de d\u00e9tecter les imperfections sur une pi\u00e8ce de bois. Cet algorithme est base sur (l\u2019application de filtre ou fonctions math\u00e9matiques qui permettent de segmenter l\u2019image et de trouver les r\u00e9gions d\u2019int\u00e9r\u00eat ROI (Region-of-Interest)), dans ce cas-ci les r\u00e9gions ou il y a un manque de bois.<\/p>\n\n\n\n<p><a href=\"https:\/\/elligno.com\/fr\/portfolio\/industrie-scierie-imagerie\/\" target=\"_blank\" rel=\"noreferrer noopener\">en savoir plus<\/a><\/p>\n\n\n\n<h2 class=\"wp-block-heading\"><strong><strong><em>Industrie de la Biotechnologie<\/em><\/strong><\/strong><\/h2>\n\n\n\n<p>Application de la m\u00e9canique quantique pour la d\u00e9tection du cancer. Cette technique est base sur le principe sur la propagation de la lumi\u00e8re dans le corps humain. Solution \u00e9quation de la diffusion. Nous avons d\u00e9velopp\u00e9 (am\u00e9lior\u00e9) un environnement de programmation math\u00e9matique pour la solution du mod\u00e8le physique.<\/p>\n\n\n\n<p><a href=\"https:\/\/elligno.com\/fr\/portfolio\/programmeur-biotechnologie\/\" target=\"_blank\" rel=\"noreferrer noopener\">en savoir plus<\/a><\/p>\n\n\n\n<h2 class=\"wp-block-heading\"><strong><strong><em>Industrie de l\u2019environnement<\/em><\/strong><\/strong><\/h2>\n\n\n\n<p>Simulation (mod\u00e9lisation physique) pour la validation de mod\u00e8les math\u00e9matique sur un cas r\u00e9el. \u00c9coulement \u00e0 ciel ouvert, application pour le d\u00e9veloppement \u00e9nerg\u00e9tique (\u00e9valuer les impacts environnementaux).<\/p>\n\n\n\n<p><a href=\"https:\/\/elligno.com\/fr\/portfolio\/industrie-environnementale\/\" target=\"_blank\" rel=\"noreferrer noopener\">en savoir plus<\/a><\/p>\n","protected":false},"excerpt":{"rendered":"<p>PORTFOLIO Physicien Industriel Pour \u00eatre plus comp\u00e9titive et plus efficace, les compagnies doivent sans cesse se d\u00e9marquer par leur capacit\u00e9 \u00e0 innover par de nouveaux proc\u00e9d\u00e9s et nouveaux produits technos. La technologie devient donc le nouveau d\u00e9fi des entreprises. Plupart du temps ces produits technos sont des programmes informatiques (application \u00e0 caract\u00e8re scientifique) qui font [&hellip;]<\/p>\n","protected":false},"author":1,"featured_media":0,"parent":0,"menu_order":0,"comment_status":"closed","ping_status":"closed","template":"","meta":{"footnotes":""},"class_list":["post-2885","page","type-page","status-publish","hentry"],"yoast_head":"<!-- This site is optimized with the Yoast SEO plugin v27.3 - https:\/\/yoast.com\/product\/yoast-seo-wordpress\/ -->\n<title>Portfolio - Elligno<\/title>\n<meta name=\"robots\" content=\"index, follow, max-snippet:-1, max-image-preview:large, max-video-preview:-1\" \/>\n<link rel=\"canonical\" href=\"https:\/\/elligno.com\/fr\/portfolio\/\" \/>\n<meta property=\"og:locale\" content=\"fr_FR\" \/>\n<meta property=\"og:type\" content=\"article\" \/>\n<meta property=\"og:title\" content=\"Portfolio - Elligno\" \/>\n<meta property=\"og:description\" content=\"PORTFOLIO Physicien Industriel Pour \u00eatre plus comp\u00e9titive et plus efficace, les compagnies doivent sans cesse se d\u00e9marquer par leur capacit\u00e9 \u00e0 innover par de nouveaux proc\u00e9d\u00e9s et nouveaux produits technos. La technologie devient donc le nouveau d\u00e9fi des entreprises. Plupart du temps ces produits technos sont des programmes informatiques (application \u00e0 caract\u00e8re scientifique) qui font [&hellip;]\" \/>\n<meta property=\"og:url\" content=\"https:\/\/elligno.com\/fr\/portfolio\/\" \/>\n<meta property=\"og:site_name\" content=\"Elligno\" \/>\n<meta property=\"article:modified_time\" content=\"2024-05-29T12:55:48+00:00\" \/>\n<meta name=\"twitter:card\" content=\"summary_large_image\" \/>\n<meta name=\"twitter:label1\" content=\"Dur\u00e9e de lecture estim\u00e9e\" \/>\n\t<meta name=\"twitter:data1\" content=\"2 minutes\" \/>\n<script type=\"application\/ld+json\" class=\"yoast-schema-graph\">{\"@context\":\"https:\\\/\\\/schema.org\",\"@graph\":[{\"@type\":\"WebPage\",\"@id\":\"https:\\\/\\\/elligno.com\\\/fr\\\/portfolio\\\/\",\"url\":\"https:\\\/\\\/elligno.com\\\/fr\\\/portfolio\\\/\",\"name\":\"Portfolio - Elligno\",\"isPartOf\":{\"@id\":\"https:\\\/\\\/elligno.com\\\/fr\\\/#website\"},\"datePublished\":\"2021-05-17T15:59:17+00:00\",\"dateModified\":\"2024-05-29T12:55:48+00:00\",\"breadcrumb\":{\"@id\":\"https:\\\/\\\/elligno.com\\\/fr\\\/portfolio\\\/#breadcrumb\"},\"inLanguage\":\"fr-FR\",\"potentialAction\":[{\"@type\":\"ReadAction\",\"target\":[\"https:\\\/\\\/elligno.com\\\/fr\\\/portfolio\\\/\"]}]},{\"@type\":\"BreadcrumbList\",\"@id\":\"https:\\\/\\\/elligno.com\\\/fr\\\/portfolio\\\/#breadcrumb\",\"itemListElement\":[{\"@type\":\"ListItem\",\"position\":1,\"name\":\"Home\",\"item\":\"https:\\\/\\\/elligno.com\\\/fr\\\/\"},{\"@type\":\"ListItem\",\"position\":2,\"name\":\"Portfolio\"}]},{\"@type\":\"WebSite\",\"@id\":\"https:\\\/\\\/elligno.com\\\/fr\\\/#website\",\"url\":\"https:\\\/\\\/elligno.com\\\/fr\\\/\",\"name\":\"Elligno\",\"description\":\"Site dev elligno\",\"publisher\":{\"@id\":\"https:\\\/\\\/elligno.com\\\/fr\\\/#organization\"},\"potentialAction\":[{\"@type\":\"SearchAction\",\"target\":{\"@type\":\"EntryPoint\",\"urlTemplate\":\"https:\\\/\\\/elligno.com\\\/fr\\\/?s={search_term_string}\"},\"query-input\":{\"@type\":\"PropertyValueSpecification\",\"valueRequired\":true,\"valueName\":\"search_term_string\"}}],\"inLanguage\":\"fr-FR\"},{\"@type\":\"Organization\",\"@id\":\"https:\\\/\\\/elligno.com\\\/fr\\\/#organization\",\"name\":\"Elligno Inc\",\"url\":\"https:\\\/\\\/elligno.com\\\/fr\\\/\",\"logo\":{\"@type\":\"ImageObject\",\"inLanguage\":\"fr-FR\",\"@id\":\"https:\\\/\\\/elligno.com\\\/fr\\\/#\\\/schema\\\/logo\\\/image\\\/\",\"url\":\"https:\\\/\\\/elligno.com\\\/wp-content\\\/uploads\\\/2021\\\/06\\\/favicon.png\",\"contentUrl\":\"https:\\\/\\\/elligno.com\\\/wp-content\\\/uploads\\\/2021\\\/06\\\/favicon.png\",\"width\":256,\"height\":256,\"caption\":\"Elligno Inc\"},\"image\":{\"@id\":\"https:\\\/\\\/elligno.com\\\/fr\\\/#\\\/schema\\\/logo\\\/image\\\/\"}}]}<\/script>\n<!-- \/ Yoast SEO plugin. -->","yoast_head_json":{"title":"Portfolio - Elligno","robots":{"index":"index","follow":"follow","max-snippet":"max-snippet:-1","max-image-preview":"max-image-preview:large","max-video-preview":"max-video-preview:-1"},"canonical":"https:\/\/elligno.com\/fr\/portfolio\/","og_locale":"fr_FR","og_type":"article","og_title":"Portfolio - Elligno","og_description":"PORTFOLIO Physicien Industriel Pour \u00eatre plus comp\u00e9titive et plus efficace, les compagnies doivent sans cesse se d\u00e9marquer par leur capacit\u00e9 \u00e0 innover par de nouveaux proc\u00e9d\u00e9s et nouveaux produits technos. La technologie devient donc le nouveau d\u00e9fi des entreprises. Plupart du temps ces produits technos sont des programmes informatiques (application \u00e0 caract\u00e8re scientifique) qui font [&hellip;]","og_url":"https:\/\/elligno.com\/fr\/portfolio\/","og_site_name":"Elligno","article_modified_time":"2024-05-29T12:55:48+00:00","twitter_card":"summary_large_image","twitter_misc":{"Dur\u00e9e de lecture estim\u00e9e":"2 minutes"},"schema":{"@context":"https:\/\/schema.org","@graph":[{"@type":"WebPage","@id":"https:\/\/elligno.com\/fr\/portfolio\/","url":"https:\/\/elligno.com\/fr\/portfolio\/","name":"Portfolio - Elligno","isPartOf":{"@id":"https:\/\/elligno.com\/fr\/#website"},"datePublished":"2021-05-17T15:59:17+00:00","dateModified":"2024-05-29T12:55:48+00:00","breadcrumb":{"@id":"https:\/\/elligno.com\/fr\/portfolio\/#breadcrumb"},"inLanguage":"fr-FR","potentialAction":[{"@type":"ReadAction","target":["https:\/\/elligno.com\/fr\/portfolio\/"]}]},{"@type":"BreadcrumbList","@id":"https:\/\/elligno.com\/fr\/portfolio\/#breadcrumb","itemListElement":[{"@type":"ListItem","position":1,"name":"Home","item":"https:\/\/elligno.com\/fr\/"},{"@type":"ListItem","position":2,"name":"Portfolio"}]},{"@type":"WebSite","@id":"https:\/\/elligno.com\/fr\/#website","url":"https:\/\/elligno.com\/fr\/","name":"Elligno","description":"Site dev elligno","publisher":{"@id":"https:\/\/elligno.com\/fr\/#organization"},"potentialAction":[{"@type":"SearchAction","target":{"@type":"EntryPoint","urlTemplate":"https:\/\/elligno.com\/fr\/?s={search_term_string}"},"query-input":{"@type":"PropertyValueSpecification","valueRequired":true,"valueName":"search_term_string"}}],"inLanguage":"fr-FR"},{"@type":"Organization","@id":"https:\/\/elligno.com\/fr\/#organization","name":"Elligno Inc","url":"https:\/\/elligno.com\/fr\/","logo":{"@type":"ImageObject","inLanguage":"fr-FR","@id":"https:\/\/elligno.com\/fr\/#\/schema\/logo\/image\/","url":"https:\/\/elligno.com\/wp-content\/uploads\/2021\/06\/favicon.png","contentUrl":"https:\/\/elligno.com\/wp-content\/uploads\/2021\/06\/favicon.png","width":256,"height":256,"caption":"Elligno Inc"},"image":{"@id":"https:\/\/elligno.com\/fr\/#\/schema\/logo\/image\/"}}]}},"_links":{"self":[{"href":"https:\/\/elligno.com\/fr\/wp-json\/wp\/v2\/pages\/2885","targetHints":{"allow":["GET"]}}],"collection":[{"href":"https:\/\/elligno.com\/fr\/wp-json\/wp\/v2\/pages"}],"about":[{"href":"https:\/\/elligno.com\/fr\/wp-json\/wp\/v2\/types\/page"}],"author":[{"embeddable":true,"href":"https:\/\/elligno.com\/fr\/wp-json\/wp\/v2\/users\/1"}],"replies":[{"embeddable":true,"href":"https:\/\/elligno.com\/fr\/wp-json\/wp\/v2\/comments?post=2885"}],"version-history":[{"count":0,"href":"https:\/\/elligno.com\/fr\/wp-json\/wp\/v2\/pages\/2885\/revisions"}],"wp:attachment":[{"href":"https:\/\/elligno.com\/fr\/wp-json\/wp\/v2\/media?parent=2885"}],"curies":[{"name":"wp","href":"https:\/\/api.w.org\/{rel}","templated":true}]}}