{"id":2883,"date":"2021-05-17T10:57:27","date_gmt":"2021-05-17T15:57:27","guid":{"rendered":"https:\/\/elligno.com\/services\/"},"modified":"2023-11-13T10:25:06","modified_gmt":"2023-11-13T15:25:06","slug":"services","status":"publish","type":"page","link":"https:\/\/elligno.com\/fr\/services\/","title":{"rendered":"Services"},"content":{"rendered":"\n<h2 class=\"wp-block-heading\">SERVICES<\/h2>\n\n\n\n<p>Professionnel multidisciplinaire avec une solide formation scientifique et plus de 20 ann\u00e9es d\u2019exp\u00e9rience dans l\u2019industrie des TI. Candidat id\u00e9al pour tout projet informatique qui requiert une expertise technique et scientifique. Habituer de travailler sur des projets qui requi\u00e8rent un minimum de supervision et de rendre compte de l\u2019avancement et des probl\u00e9matiques, identifier les risques afin de rentrer dans les budgets et des d\u00e9lais. <\/p>\n\n\n\n<p>Je peux agir comme consultant ou employ\u00e9 contractuel.<\/p>\n\n\n\n<p><\/p>\n\n\n\n<h3 class=\"wp-block-heading\">Consultation TI<\/h3>\n\n\n\n<p>Plus de 20 ann\u00e9es d&rsquo;exp\u00e9rience dans le d\u00e9veloppement d&rsquo;applications plusieurs domaines d&rsquo;applications industriels: jeux vid\u00e9o, bois d&rsquo;oeuvre, finance, mod\u00e9lisation physique, simulation, biotechnologie.<\/p>\n\n\n\n<p><\/p>\n\n\n\n<p>\u25a0 Applications personnalis\u00e9es selon les besoin du client<br>\u25a0 D\u00e9veloppement de logiciel moderne C++ avec les dernieres avanc\u00e9es pour cr\u00e9er du code optimis\u00e9<br>\u25a0 Expertise dans le d\u00e9veloppement de logiciel de type API et bonne connaissance des pratiques logiciel (patrons de conception, composantes, librairie tierce) afin de produire du code modulaire et de haute qualit\u00e9<br>\u25a0 Solide expertise sur des projets de migration (realise plusieurs projets majeurs) <br>\u25a0 Comfortable dans un environnement Scrum et Agile processus (revue de code)<br>\u25a0 Expertise dans le design (diagramme UML)<br>\u25a0 &#8230;<\/p>\n\n\n\n<p><\/p>\n\n\n\n<p><\/p>\n\n\n\n<h3 class=\"wp-block-heading\">Consultation Scientifique<\/h3>\n\n\n\n<p>Consultant scientifique capable d\u2019appliquer ses connaissances pour apporter des solutions innovatrices \u00e0 des probl\u00e8mes industriel complexes. Candidat id\u00e9al pour un projet qui n\u00e9cessite une expertise technique et scientifique pour le d\u00e9veloppement de produits technologiques.<\/p>\n\n\n\n<p>\u25a0\u00a0Optimisation\u00a0de code \u00e0 l\u2019aide de librairie num\u00e9rique \u00e0 virgule flottante<br>\u25a0 Programmation scientifique langages modernes C++11\/14\/17 et\u00a0FORTRAN 95\/03<br>\u25a0 Expertise simulation num\u00e9rique (methode num\u00e9rique)<br>\u25a0 Expertise mod\u00e9lisation 3D: physique 3D et math\u00e9matique 3D<br>\u25a0 D\u00e9veloppement de librairies\/programmes scientifque utilisant technique OO (Orient\u00e9e-Objet\u00a0Num\u00e9rique)<br>\u25a0\u00a0Support math\u00e9matique, technique et scientifique avanc\u00e9\u00a0pour r\u00e9soudre des probl\u00e8mes complexes\u00a0<\/p>\n\n\n\n<p><\/p>\n\n\n\n<p><\/p>\n","protected":false},"excerpt":{"rendered":"<p>SERVICES Professionnel multidisciplinaire avec une solide formation scientifique et plus de 20 ann\u00e9es d\u2019exp\u00e9rience dans l\u2019industrie des TI. Candidat id\u00e9al pour tout projet informatique qui requiert une expertise technique et scientifique. Habituer de travailler sur des projets qui requi\u00e8rent un minimum de supervision et de rendre compte de l\u2019avancement et des probl\u00e9matiques, identifier les risques [&hellip;]<\/p>\n","protected":false},"author":1,"featured_media":0,"parent":0,"menu_order":0,"comment_status":"closed","ping_status":"closed","template":"","meta":{"footnotes":""},"class_list":["post-2883","page","type-page","status-publish","hentry"],"yoast_head":"<!-- This site is optimized with the Yoast SEO plugin v27.4 - https:\/\/yoast.com\/product\/yoast-seo-wordpress\/ -->\n<title>Services - Elligno<\/title>\n<meta name=\"robots\" content=\"index, follow, max-snippet:-1, max-image-preview:large, max-video-preview:-1\" \/>\n<link rel=\"canonical\" href=\"https:\/\/elligno.com\/fr\/services\/\" \/>\n<meta property=\"og:locale\" content=\"fr_FR\" \/>\n<meta property=\"og:type\" content=\"article\" \/>\n<meta property=\"og:title\" content=\"Services - Elligno\" \/>\n<meta property=\"og:description\" content=\"SERVICES Professionnel multidisciplinaire avec une solide formation scientifique et plus de 20 ann\u00e9es d\u2019exp\u00e9rience dans l\u2019industrie des TI. Candidat id\u00e9al pour tout projet informatique qui requiert une expertise technique et scientifique. Habituer de travailler sur des projets qui requi\u00e8rent un minimum de supervision et de rendre compte de l\u2019avancement et des probl\u00e9matiques, identifier les risques [&hellip;]\" \/>\n<meta property=\"og:url\" content=\"https:\/\/elligno.com\/fr\/services\/\" \/>\n<meta property=\"og:site_name\" content=\"Elligno\" \/>\n<meta property=\"article:modified_time\" content=\"2023-11-13T15:25:06+00:00\" \/>\n<meta name=\"twitter:card\" content=\"summary_large_image\" \/>\n<meta name=\"twitter:label1\" content=\"Dur\u00e9e de lecture estim\u00e9e\" \/>\n\t<meta name=\"twitter:data1\" content=\"2 minutes\" \/>\n<script type=\"application\/ld+json\" class=\"yoast-schema-graph\">{\"@context\":\"https:\\\/\\\/schema.org\",\"@graph\":[{\"@type\":\"WebPage\",\"@id\":\"https:\\\/\\\/elligno.com\\\/fr\\\/services\\\/\",\"url\":\"https:\\\/\\\/elligno.com\\\/fr\\\/services\\\/\",\"name\":\"Services - Elligno\",\"isPartOf\":{\"@id\":\"https:\\\/\\\/elligno.com\\\/fr\\\/#website\"},\"datePublished\":\"2021-05-17T15:57:27+00:00\",\"dateModified\":\"2023-11-13T15:25:06+00:00\",\"breadcrumb\":{\"@id\":\"https:\\\/\\\/elligno.com\\\/fr\\\/services\\\/#breadcrumb\"},\"inLanguage\":\"fr-FR\",\"potentialAction\":[{\"@type\":\"ReadAction\",\"target\":[\"https:\\\/\\\/elligno.com\\\/fr\\\/services\\\/\"]}]},{\"@type\":\"BreadcrumbList\",\"@id\":\"https:\\\/\\\/elligno.com\\\/fr\\\/services\\\/#breadcrumb\",\"itemListElement\":[{\"@type\":\"ListItem\",\"position\":1,\"name\":\"Home\",\"item\":\"https:\\\/\\\/elligno.com\\\/fr\\\/\"},{\"@type\":\"ListItem\",\"position\":2,\"name\":\"Services\"}]},{\"@type\":\"WebSite\",\"@id\":\"https:\\\/\\\/elligno.com\\\/fr\\\/#website\",\"url\":\"https:\\\/\\\/elligno.com\\\/fr\\\/\",\"name\":\"Elligno\",\"description\":\"Site dev elligno\",\"publisher\":{\"@id\":\"https:\\\/\\\/elligno.com\\\/fr\\\/#organization\"},\"potentialAction\":[{\"@type\":\"SearchAction\",\"target\":{\"@type\":\"EntryPoint\",\"urlTemplate\":\"https:\\\/\\\/elligno.com\\\/fr\\\/?s={search_term_string}\"},\"query-input\":{\"@type\":\"PropertyValueSpecification\",\"valueRequired\":true,\"valueName\":\"search_term_string\"}}],\"inLanguage\":\"fr-FR\"},{\"@type\":\"Organization\",\"@id\":\"https:\\\/\\\/elligno.com\\\/fr\\\/#organization\",\"name\":\"Elligno Inc\",\"url\":\"https:\\\/\\\/elligno.com\\\/fr\\\/\",\"logo\":{\"@type\":\"ImageObject\",\"inLanguage\":\"fr-FR\",\"@id\":\"https:\\\/\\\/elligno.com\\\/fr\\\/#\\\/schema\\\/logo\\\/image\\\/\",\"url\":\"https:\\\/\\\/elligno.com\\\/wp-content\\\/uploads\\\/2021\\\/06\\\/favicon.png\",\"contentUrl\":\"https:\\\/\\\/elligno.com\\\/wp-content\\\/uploads\\\/2021\\\/06\\\/favicon.png\",\"width\":256,\"height\":256,\"caption\":\"Elligno Inc\"},\"image\":{\"@id\":\"https:\\\/\\\/elligno.com\\\/fr\\\/#\\\/schema\\\/logo\\\/image\\\/\"}}]}<\/script>\n<!-- \/ Yoast SEO plugin. -->","yoast_head_json":{"title":"Services - Elligno","robots":{"index":"index","follow":"follow","max-snippet":"max-snippet:-1","max-image-preview":"max-image-preview:large","max-video-preview":"max-video-preview:-1"},"canonical":"https:\/\/elligno.com\/fr\/services\/","og_locale":"fr_FR","og_type":"article","og_title":"Services - Elligno","og_description":"SERVICES Professionnel multidisciplinaire avec une solide formation scientifique et plus de 20 ann\u00e9es d\u2019exp\u00e9rience dans l\u2019industrie des TI. Candidat id\u00e9al pour tout projet informatique qui requiert une expertise technique et scientifique. Habituer de travailler sur des projets qui requi\u00e8rent un minimum de supervision et de rendre compte de l\u2019avancement et des probl\u00e9matiques, identifier les risques [&hellip;]","og_url":"https:\/\/elligno.com\/fr\/services\/","og_site_name":"Elligno","article_modified_time":"2023-11-13T15:25:06+00:00","twitter_card":"summary_large_image","twitter_misc":{"Dur\u00e9e de lecture estim\u00e9e":"2 minutes"},"schema":{"@context":"https:\/\/schema.org","@graph":[{"@type":"WebPage","@id":"https:\/\/elligno.com\/fr\/services\/","url":"https:\/\/elligno.com\/fr\/services\/","name":"Services - Elligno","isPartOf":{"@id":"https:\/\/elligno.com\/fr\/#website"},"datePublished":"2021-05-17T15:57:27+00:00","dateModified":"2023-11-13T15:25:06+00:00","breadcrumb":{"@id":"https:\/\/elligno.com\/fr\/services\/#breadcrumb"},"inLanguage":"fr-FR","potentialAction":[{"@type":"ReadAction","target":["https:\/\/elligno.com\/fr\/services\/"]}]},{"@type":"BreadcrumbList","@id":"https:\/\/elligno.com\/fr\/services\/#breadcrumb","itemListElement":[{"@type":"ListItem","position":1,"name":"Home","item":"https:\/\/elligno.com\/fr\/"},{"@type":"ListItem","position":2,"name":"Services"}]},{"@type":"WebSite","@id":"https:\/\/elligno.com\/fr\/#website","url":"https:\/\/elligno.com\/fr\/","name":"Elligno","description":"Site dev elligno","publisher":{"@id":"https:\/\/elligno.com\/fr\/#organization"},"potentialAction":[{"@type":"SearchAction","target":{"@type":"EntryPoint","urlTemplate":"https:\/\/elligno.com\/fr\/?s={search_term_string}"},"query-input":{"@type":"PropertyValueSpecification","valueRequired":true,"valueName":"search_term_string"}}],"inLanguage":"fr-FR"},{"@type":"Organization","@id":"https:\/\/elligno.com\/fr\/#organization","name":"Elligno Inc","url":"https:\/\/elligno.com\/fr\/","logo":{"@type":"ImageObject","inLanguage":"fr-FR","@id":"https:\/\/elligno.com\/fr\/#\/schema\/logo\/image\/","url":"https:\/\/elligno.com\/wp-content\/uploads\/2021\/06\/favicon.png","contentUrl":"https:\/\/elligno.com\/wp-content\/uploads\/2021\/06\/favicon.png","width":256,"height":256,"caption":"Elligno Inc"},"image":{"@id":"https:\/\/elligno.com\/fr\/#\/schema\/logo\/image\/"}}]}},"_links":{"self":[{"href":"https:\/\/elligno.com\/fr\/wp-json\/wp\/v2\/pages\/2883","targetHints":{"allow":["GET"]}}],"collection":[{"href":"https:\/\/elligno.com\/fr\/wp-json\/wp\/v2\/pages"}],"about":[{"href":"https:\/\/elligno.com\/fr\/wp-json\/wp\/v2\/types\/page"}],"author":[{"embeddable":true,"href":"https:\/\/elligno.com\/fr\/wp-json\/wp\/v2\/users\/1"}],"replies":[{"embeddable":true,"href":"https:\/\/elligno.com\/fr\/wp-json\/wp\/v2\/comments?post=2883"}],"version-history":[{"count":0,"href":"https:\/\/elligno.com\/fr\/wp-json\/wp\/v2\/pages\/2883\/revisions"}],"wp:attachment":[{"href":"https:\/\/elligno.com\/fr\/wp-json\/wp\/v2\/media?parent=2883"}],"curies":[{"name":"wp","href":"https:\/\/api.w.org\/{rel}","templated":true}]}}