{"id":2880,"date":"2021-05-17T14:29:29","date_gmt":"2021-05-17T19:29:29","guid":{"rendered":"https:\/\/elligno.com\/profile\/"},"modified":"2023-11-06T13:14:39","modified_gmt":"2023-11-06T18:14:39","slug":"profil","status":"publish","type":"page","link":"https:\/\/elligno.com\/fr\/profil\/","title":{"rendered":"Profil"},"content":{"rendered":"\n<h1 class=\"wp-block-heading\">PROFIL<\/h1>\n\n\n\n<p>Professionnel multidisciplinaire avec une formation scientifique jumel\u00e9e \u00e0 plus de 15 ann\u00e9es d\u2019exp\u00e9rience en technologie de l\u2019information. J\u2019ai d\u00e9velopp\u00e9 des applications dans plusieurs domaines de la haute technologie comme contracteur mais \u00e9galement comme employ\u00e9 pour des organisations prestigieuses et de r\u00e9putation mondiale. Expertise dans le d\u00e9veloppement de produits technologiques industriel faisant appel \u00e0 plusieurs champs scientifique ainsi que de leur application technologique (logiciel \u00e0 caract\u00e8re scientifique en simulation).<\/p>\n\n\n\n<h2 class=\"wp-block-heading\"><strong>Points Saillants<\/strong><\/h2>\n\n\n\n<ul class=\"wp-block-list\">\n<li>Programmeur-scientifique pour un centre de recherche en calcul scientifique<\/li>\n\n\n\n<li>D\u00e9veloppeur de logiciel et lead technique pour un leader mondial en simulation (<strong>CAE<\/strong>)<\/li>\n\n\n\n<li>D\u00e9velopp\u00e9 des logiciels personnalis\u00e9s pour diff\u00e9rents domaines d\u2019applications industrielles<\/li>\n\n\n\n<li>Consultant pour un leader mondial&nbsp;<strong>L-3 COMM<\/strong>&nbsp;(logiciel de chirurgie assist\u00e9e par ordinateur)<\/li>\n\n\n\n<li>Consultant pour une banque d\u2019investissement&nbsp;<strong>Morgan Stanley,<\/strong>&nbsp;\u00e9galement&nbsp;<strong>IKEA<\/strong>&nbsp;(r\u00e9alit\u00e9 virtuelle)<\/li>\n\n\n\n<li>Consultant pour un leader du jeux vid\u00e9o EA (librairie math\u00e9matique 3D)<\/li>\n<\/ul>\n\n\n\n<h2 class=\"wp-block-heading\">Forces<\/h2>\n\n\n\n<ul class=\"wp-block-list\">\n<li>Programmation Orient\u00e9e-objet avec le langage C++ (moderne)<\/li>\n\n\n\n<li>Programmation scientifique (algorithme, librairie scientifique)<\/li>\n\n\n\n<li>Plus de vingt ans d\u2019exp\u00e9rience en programmation d\u2019application dans plusieurs domaines des TI;<\/li>\n\n\n\n<li>Formation scientifique jumel\u00e9e \u00e0 une solide exp\u00e9rience en technologie de l\u2019information;<\/li>\n\n\n\n<li>Esprit de synth\u00e8se et capacit\u00e9 d\u2019analyse de grande quantit\u00e9 d\u2019information;<\/li>\n\n\n\n<li>Forte habilet\u00e9 pour le d\u00e9bogage de code (large envergure);<\/li>\n\n\n\n<li>Habitu\u00e9 de travailler avec des \u00e9ch\u00e9anciers serr\u00e9s et sous pression;<\/li>\n\n\n\n<li>Capacit\u00e9 d\u2019utiliser de nouvelles technologies et de les transformer en produits technologiques;<\/li>\n<\/ul>\n\n\n\n<h2 class=\"wp-block-heading\"><strong>R\u00e9alisations Significatives<\/strong><\/h2>\n\n\n\n<p><\/p>\n\n\n\n<ul class=\"wp-block-list\">\n<li>Consultant programmeur: application biom\u00e9dicale pour le support de la release du produit principal;<\/li>\n\n\n\n<li>Module de scripts de formatage de donn\u00e9es facilement manipulable pour la cr\u00e9ation de rapports financiers;&nbsp;<\/li>\n\n\n\n<li>Migration d\u2019une application dans le domaine de la vid\u00e9o surveillance (transport publique);<\/li>\n\n\n\n<li>Module de conversion de mod\u00e8les 3D dans un format utiliser en r\u00e9alit\u00e9 virtuelle pour un geant manufacturier;<\/li>\n\n\n\n<li>Ing\u00e9nieur de syst\u00e8me logiciel pour l\u2019int\u00e9gration de mod\u00e8le de senseur \u00e9lectro-optique dans un environnement virtuel pour la formation de pilote (application militaire);<\/li>\n\n\n\n<li>D\u00e9velopp\u00e9 une librairie pour la collecte de donn\u00e9es afin de mesurer quantitativement les mouvements des chirurgiens dans la salle d\u2019op\u00e9ration (chirurgie assist\u00e9e par ordinateur);<\/li>\n\n\n\n<li>Migration d\u2019une application (API) multi-thread) de transactions bancaires sous Windows vers Unix IBM AIX (projet critique avec des \u00e9ch\u00e9anciers tr\u00e8s serr\u00e9s) transport publique;&nbsp;<\/li>\n\n\n\n<li>Programmer un module de d\u00e9tection d\u2019imperfection par imagerie (industrie du bois d\u2019\u0153uvre);&nbsp;<\/li>\n\n\n\n<li>Re-factorer un programme pour un probl\u00e8me d\u2019optimisation (lissage d\u2019une courbe non-lin\u00e9aire). Ce module a rendu beaucoup plus facile le d\u00e9veloppement de nouveaux algorithmes;&nbsp;<\/li>\n\n\n\n<li>J\u2019ai mis au point un environnement de programmation scientifique dans le domaine de la mod\u00e9lisation physique afin acc\u00e9l\u00e9rer le processus de d\u00e9veloppement de simulateur physique;<\/li>\n<\/ul>\n\n\n\n<ul class=\"wp-block-list\" id=\"block-591d73a7-87fd-4dfa-897f-624cb000a537\">\n<li>Baccalaur\u00e9at en Physique, Universit\u00e9 de Montr\u00e9al (1990)<\/li>\n\n\n\n<li>Ma\u00eetrise en Physique, Universit\u00e9 de Montr\u00e9al (1993)<\/li>\n\n\n\n<li>Etudiant au Ph. D. Physique (Mod\u00e9lisation Physique) (1998) (examen pr\u00e9liminaire&nbsp;compl\u00e9t\u00e9, examen final non-compl\u00e9t\u00e9&nbsp;)<\/li>\n<\/ul>\n\n\n\n<h2 class=\"wp-block-heading\">Education<\/h2>\n\n\n\n<ul class=\"wp-block-list\" id=\"block-591d73a7-87fd-4dfa-897f-624cb000a537\">\n<li>Baccalaur\u00e9at en Physique, Universit\u00e9 de Montr\u00e9al (1990)<\/li>\n\n\n\n<li>Ma\u00eetrise en Physique, Universit\u00e9 de Montr\u00e9al (1993)<\/li>\n\n\n\n<li>Etudiant au Ph. D. Physique (Mod\u00e9lisation Physique) (1998) (examen pr\u00e9liminaire&nbsp;compl\u00e9t\u00e9, examen final non-compl\u00e9t\u00e9&nbsp;)<\/li>\n<\/ul>\n\n\n\n<p>&nbsp;<br><strong>Physicien Industriel<\/strong><\/p>\n\n\n\n<p>Pour \u00eatre plus comp\u00e9titive et plus efficace, les compagnies doivent sans cesse se d\u00e9marquer par leur capacit\u00e9&nbsp;\u00e0 innover. Dans cette nouvelle \u00e9conomie du savoir, l\u2019industrie a besoin d\u2019experts qui combine une double comp\u00e9tence: scientifique et informatique et qui sont capable d\u2019appliquer leur connaissance pour r\u00e9soudre des probl\u00e8mes industriels complexes. Physicien industriel oeuvre principalement pour les compagnies priv\u00e9es. Il occupe des postes aussi vari\u00e9s que: programmeur-analyste, analyste de syst\u00e8me, d\u00e9veloppeur de logiciel, programmeur scientifique\/physique. Il doit constamment \u00eatre \u00e0 l\u2019affut des derni\u00e8res avanc\u00e9es et de comprendre ou de faire le pont entre la connaissance et leur application.<\/p>\n","protected":false},"excerpt":{"rendered":"<p>PROFIL Professionnel multidisciplinaire avec une formation scientifique jumel\u00e9e \u00e0 plus de 15 ann\u00e9es d\u2019exp\u00e9rience en technologie de l\u2019information. J\u2019ai d\u00e9velopp\u00e9 des applications dans plusieurs domaines de la haute technologie comme contracteur mais \u00e9galement comme employ\u00e9 pour des organisations prestigieuses et de r\u00e9putation mondiale. Expertise dans le d\u00e9veloppement de produits technologiques industriel faisant appel \u00e0 plusieurs [&hellip;]<\/p>\n","protected":false},"author":1,"featured_media":0,"parent":0,"menu_order":0,"comment_status":"closed","ping_status":"closed","template":"","meta":{"footnotes":""},"class_list":["post-2880","page","type-page","status-publish","hentry"],"yoast_head":"<!-- This site is optimized with the Yoast SEO plugin v27.4 - https:\/\/yoast.com\/product\/yoast-seo-wordpress\/ -->\n<title>Profil - Elligno<\/title>\n<meta name=\"robots\" content=\"index, follow, max-snippet:-1, max-image-preview:large, max-video-preview:-1\" \/>\n<link rel=\"canonical\" href=\"https:\/\/elligno.com\/fr\/profil\/\" \/>\n<meta property=\"og:locale\" content=\"fr_FR\" \/>\n<meta property=\"og:type\" content=\"article\" \/>\n<meta property=\"og:title\" content=\"Profil - Elligno\" \/>\n<meta property=\"og:description\" content=\"PROFIL Professionnel multidisciplinaire avec une formation scientifique jumel\u00e9e \u00e0 plus de 15 ann\u00e9es d\u2019exp\u00e9rience en technologie de l\u2019information. J\u2019ai d\u00e9velopp\u00e9 des applications dans plusieurs domaines de la haute technologie comme contracteur mais \u00e9galement comme employ\u00e9 pour des organisations prestigieuses et de r\u00e9putation mondiale. Expertise dans le d\u00e9veloppement de produits technologiques industriel faisant appel \u00e0 plusieurs [&hellip;]\" \/>\n<meta property=\"og:url\" content=\"https:\/\/elligno.com\/fr\/profil\/\" \/>\n<meta property=\"og:site_name\" content=\"Elligno\" \/>\n<meta property=\"article:modified_time\" content=\"2023-11-06T18:14:39+00:00\" \/>\n<meta name=\"twitter:card\" content=\"summary_large_image\" \/>\n<meta name=\"twitter:label1\" content=\"Dur\u00e9e de lecture estim\u00e9e\" \/>\n\t<meta name=\"twitter:data1\" content=\"3 minutes\" \/>\n<script type=\"application\/ld+json\" class=\"yoast-schema-graph\">{\"@context\":\"https:\\\/\\\/schema.org\",\"@graph\":[{\"@type\":\"WebPage\",\"@id\":\"https:\\\/\\\/elligno.com\\\/fr\\\/profil\\\/\",\"url\":\"https:\\\/\\\/elligno.com\\\/fr\\\/profil\\\/\",\"name\":\"Profil - Elligno\",\"isPartOf\":{\"@id\":\"https:\\\/\\\/elligno.com\\\/fr\\\/#website\"},\"datePublished\":\"2021-05-17T19:29:29+00:00\",\"dateModified\":\"2023-11-06T18:14:39+00:00\",\"breadcrumb\":{\"@id\":\"https:\\\/\\\/elligno.com\\\/fr\\\/profil\\\/#breadcrumb\"},\"inLanguage\":\"fr-FR\",\"potentialAction\":[{\"@type\":\"ReadAction\",\"target\":[\"https:\\\/\\\/elligno.com\\\/fr\\\/profil\\\/\"]}]},{\"@type\":\"BreadcrumbList\",\"@id\":\"https:\\\/\\\/elligno.com\\\/fr\\\/profil\\\/#breadcrumb\",\"itemListElement\":[{\"@type\":\"ListItem\",\"position\":1,\"name\":\"Home\",\"item\":\"https:\\\/\\\/elligno.com\\\/fr\\\/\"},{\"@type\":\"ListItem\",\"position\":2,\"name\":\"Profil\"}]},{\"@type\":\"WebSite\",\"@id\":\"https:\\\/\\\/elligno.com\\\/fr\\\/#website\",\"url\":\"https:\\\/\\\/elligno.com\\\/fr\\\/\",\"name\":\"Elligno\",\"description\":\"Site dev elligno\",\"publisher\":{\"@id\":\"https:\\\/\\\/elligno.com\\\/fr\\\/#organization\"},\"potentialAction\":[{\"@type\":\"SearchAction\",\"target\":{\"@type\":\"EntryPoint\",\"urlTemplate\":\"https:\\\/\\\/elligno.com\\\/fr\\\/?s={search_term_string}\"},\"query-input\":{\"@type\":\"PropertyValueSpecification\",\"valueRequired\":true,\"valueName\":\"search_term_string\"}}],\"inLanguage\":\"fr-FR\"},{\"@type\":\"Organization\",\"@id\":\"https:\\\/\\\/elligno.com\\\/fr\\\/#organization\",\"name\":\"Elligno Inc\",\"url\":\"https:\\\/\\\/elligno.com\\\/fr\\\/\",\"logo\":{\"@type\":\"ImageObject\",\"inLanguage\":\"fr-FR\",\"@id\":\"https:\\\/\\\/elligno.com\\\/fr\\\/#\\\/schema\\\/logo\\\/image\\\/\",\"url\":\"https:\\\/\\\/elligno.com\\\/wp-content\\\/uploads\\\/2021\\\/06\\\/favicon.png\",\"contentUrl\":\"https:\\\/\\\/elligno.com\\\/wp-content\\\/uploads\\\/2021\\\/06\\\/favicon.png\",\"width\":256,\"height\":256,\"caption\":\"Elligno Inc\"},\"image\":{\"@id\":\"https:\\\/\\\/elligno.com\\\/fr\\\/#\\\/schema\\\/logo\\\/image\\\/\"}}]}<\/script>\n<!-- \/ Yoast SEO plugin. -->","yoast_head_json":{"title":"Profil - Elligno","robots":{"index":"index","follow":"follow","max-snippet":"max-snippet:-1","max-image-preview":"max-image-preview:large","max-video-preview":"max-video-preview:-1"},"canonical":"https:\/\/elligno.com\/fr\/profil\/","og_locale":"fr_FR","og_type":"article","og_title":"Profil - Elligno","og_description":"PROFIL Professionnel multidisciplinaire avec une formation scientifique jumel\u00e9e \u00e0 plus de 15 ann\u00e9es d\u2019exp\u00e9rience en technologie de l\u2019information. J\u2019ai d\u00e9velopp\u00e9 des applications dans plusieurs domaines de la haute technologie comme contracteur mais \u00e9galement comme employ\u00e9 pour des organisations prestigieuses et de r\u00e9putation mondiale. Expertise dans le d\u00e9veloppement de produits technologiques industriel faisant appel \u00e0 plusieurs [&hellip;]","og_url":"https:\/\/elligno.com\/fr\/profil\/","og_site_name":"Elligno","article_modified_time":"2023-11-06T18:14:39+00:00","twitter_card":"summary_large_image","twitter_misc":{"Dur\u00e9e de lecture estim\u00e9e":"3 minutes"},"schema":{"@context":"https:\/\/schema.org","@graph":[{"@type":"WebPage","@id":"https:\/\/elligno.com\/fr\/profil\/","url":"https:\/\/elligno.com\/fr\/profil\/","name":"Profil - Elligno","isPartOf":{"@id":"https:\/\/elligno.com\/fr\/#website"},"datePublished":"2021-05-17T19:29:29+00:00","dateModified":"2023-11-06T18:14:39+00:00","breadcrumb":{"@id":"https:\/\/elligno.com\/fr\/profil\/#breadcrumb"},"inLanguage":"fr-FR","potentialAction":[{"@type":"ReadAction","target":["https:\/\/elligno.com\/fr\/profil\/"]}]},{"@type":"BreadcrumbList","@id":"https:\/\/elligno.com\/fr\/profil\/#breadcrumb","itemListElement":[{"@type":"ListItem","position":1,"name":"Home","item":"https:\/\/elligno.com\/fr\/"},{"@type":"ListItem","position":2,"name":"Profil"}]},{"@type":"WebSite","@id":"https:\/\/elligno.com\/fr\/#website","url":"https:\/\/elligno.com\/fr\/","name":"Elligno","description":"Site dev elligno","publisher":{"@id":"https:\/\/elligno.com\/fr\/#organization"},"potentialAction":[{"@type":"SearchAction","target":{"@type":"EntryPoint","urlTemplate":"https:\/\/elligno.com\/fr\/?s={search_term_string}"},"query-input":{"@type":"PropertyValueSpecification","valueRequired":true,"valueName":"search_term_string"}}],"inLanguage":"fr-FR"},{"@type":"Organization","@id":"https:\/\/elligno.com\/fr\/#organization","name":"Elligno Inc","url":"https:\/\/elligno.com\/fr\/","logo":{"@type":"ImageObject","inLanguage":"fr-FR","@id":"https:\/\/elligno.com\/fr\/#\/schema\/logo\/image\/","url":"https:\/\/elligno.com\/wp-content\/uploads\/2021\/06\/favicon.png","contentUrl":"https:\/\/elligno.com\/wp-content\/uploads\/2021\/06\/favicon.png","width":256,"height":256,"caption":"Elligno Inc"},"image":{"@id":"https:\/\/elligno.com\/fr\/#\/schema\/logo\/image\/"}}]}},"_links":{"self":[{"href":"https:\/\/elligno.com\/fr\/wp-json\/wp\/v2\/pages\/2880","targetHints":{"allow":["GET"]}}],"collection":[{"href":"https:\/\/elligno.com\/fr\/wp-json\/wp\/v2\/pages"}],"about":[{"href":"https:\/\/elligno.com\/fr\/wp-json\/wp\/v2\/types\/page"}],"author":[{"embeddable":true,"href":"https:\/\/elligno.com\/fr\/wp-json\/wp\/v2\/users\/1"}],"replies":[{"embeddable":true,"href":"https:\/\/elligno.com\/fr\/wp-json\/wp\/v2\/comments?post=2880"}],"version-history":[{"count":0,"href":"https:\/\/elligno.com\/fr\/wp-json\/wp\/v2\/pages\/2880\/revisions"}],"wp:attachment":[{"href":"https:\/\/elligno.com\/fr\/wp-json\/wp\/v2\/media?parent=2880"}],"curies":[{"name":"wp","href":"https:\/\/api.w.org\/{rel}","templated":true}]}}