{"id":2873,"date":"2021-05-13T18:59:18","date_gmt":"2021-05-13T23:59:18","guid":{"rendered":"https:\/\/elligno.com\/home\/"},"modified":"2025-01-29T10:03:24","modified_gmt":"2025-01-29T15:03:24","slug":"accueil","status":"publish","type":"page","link":"https:\/\/elligno.com\/fr\/","title":{"rendered":"Accueil"},"content":{"rendered":"<div id='full_slider_1'  class='avia-fullwidth-slider main_color avia-shadow   avia-builder-el-0  el_before_av_one_full  avia-builder-el-first   container_wrap sidebar_right'  ><div  class='avia-slideshow av-kostj8gt-0f3b557263bd4ccdcdcbac47d02da93a avia-slideshow-featured av_slideshow_full avia-slide-slider av-slideshow-ui av-control-default av-slideshow-manual av-loop-once av-loop-manual-endless av-default-height-applied   avia-slideshow-1' data-slideshow-options=\"{&quot;animation&quot;:&quot;slide&quot;,&quot;autoplay&quot;:false,&quot;loop_autoplay&quot;:&quot;once&quot;,&quot;interval&quot;:5,&quot;loop_manual&quot;:&quot;manual-endless&quot;,&quot;autoplay_stopper&quot;:false,&quot;noNavigation&quot;:false,&quot;bg_slider&quot;:false,&quot;keep_padding&quot;:false,&quot;hoverpause&quot;:false,&quot;show_slide_delay&quot;:0}\"  itemprop=\"image\" itemscope=\"itemscope\" itemtype=\"https:\/\/schema.org\/ImageObject\" ><ul class='avia-slideshow-inner ' style='padding-bottom: 31.219512195122%;'><li  class='avia-slideshow-slide av-kostj8gt-0f3b557263bd4ccdcdcbac47d02da93a__0  av-single-slide slide-1 slide-odd'><div data-rel='slideshow-1' class='avia-slide-wrap '   ><img decoding=\"async\" fetchpriority=\"high\" class=\"wp-image-2859 avia-img-lazy-loading-not-2859\"  src=\"https:\/\/elligno.com\/wp-content\/uploads\/2021\/05\/ellignobanderole.jpg\" width=\"1025\" height=\"320\" title='ellignobanderole' alt=''  itemprop=\"thumbnailUrl\" srcset=\"https:\/\/elligno.com\/wp-content\/uploads\/2021\/05\/ellignobanderole.jpg 1025w, https:\/\/elligno.com\/wp-content\/uploads\/2021\/05\/ellignobanderole-300x94.jpg 300w, https:\/\/elligno.com\/wp-content\/uploads\/2021\/05\/ellignobanderole-768x240.jpg 768w, https:\/\/elligno.com\/wp-content\/uploads\/2021\/05\/ellignobanderole-705x220.jpg 705w\" sizes=\"(max-width: 1025px) 100vw, 1025px\" \/><\/div><\/li><\/ul><\/div><\/div><div id='after_full_slider_1'  class='main_color av_default_container_wrap container_wrap sidebar_right'  ><div class='container av-section-cont-open' ><div class='template-page content  av-content-small alpha units'><div class='post-entry post-entry-type-page post-entry-2873'><div class='entry-content-wrapper clearfix'>\n\n<style type=\"text\/css\" data-created_by=\"avia_inline_auto\" id=\"style-css-av-3l01-b49d9ce0e34d7d7f41ed7b9f590599ef\">\n.flex_column.av-3l01-b49d9ce0e34d7d7f41ed7b9f590599ef{\nborder-radius:0px 0px 0px 0px;\npadding:0px 0px 0px 0px;\n}\n<\/style>\n<div  class='flex_column av-3l01-b49d9ce0e34d7d7f41ed7b9f590599ef av_one_full  avia-builder-el-1  el_after_av_slideshow_full  avia-builder-el-no-sibling  first flex_column_div av-zero-column-padding  '     ><p>\n<style type=\"text\/css\" data-created_by=\"avia_inline_auto\" id=\"style-css-av-kostkw0x-b3c6ef2ca4915f5c480d8674bd81a7cf\">\n#top .av-special-heading.av-kostkw0x-b3c6ef2ca4915f5c480d8674bd81a7cf{\npadding-bottom:10px;\n}\nbody .av-special-heading.av-kostkw0x-b3c6ef2ca4915f5c480d8674bd81a7cf .av-special-heading-tag .heading-char{\nfont-size:25px;\n}\n.av-special-heading.av-kostkw0x-b3c6ef2ca4915f5c480d8674bd81a7cf .av-subheading{\nfont-size:15px;\n}\n<\/style>\n<div  class='av-special-heading av-kostkw0x-b3c6ef2ca4915f5c480d8674bd81a7cf av-special-heading-h1 blockquote modern-quote  avia-builder-el-2  el_before_av_heading  avia-builder-el-first '><h1 class='av-special-heading-tag '  itemprop=\"headline\"  >LA PHYSIQUE  AU BOUT DES DOIGTS<\/h1><div class=\"special-heading-border\"><div class=\"special-heading-inner-border\"><\/div><\/div><\/div><br \/>\n\n<style type=\"text\/css\" data-created_by=\"avia_inline_auto\" id=\"style-css-av-kp4id81a-652ccf21864897adad9d0b0ed66ae62e\">\n#top .av-special-heading.av-kp4id81a-652ccf21864897adad9d0b0ed66ae62e{\npadding-bottom:10px;\n}\nbody .av-special-heading.av-kp4id81a-652ccf21864897adad9d0b0ed66ae62e .av-special-heading-tag .heading-char{\nfont-size:25px;\n}\n.av-special-heading.av-kp4id81a-652ccf21864897adad9d0b0ed66ae62e .av-subheading{\nfont-size:15px;\n}\n<\/style>\n<div  class='av-special-heading av-kp4id81a-652ccf21864897adad9d0b0ed66ae62e av-special-heading-h2 blockquote modern-quote  avia-builder-el-3  el_after_av_heading  el_before_av_iconlist '><h2 class='av-special-heading-tag '  itemprop=\"headline\"  >Notre sp\u00e9cialisation<\/h2><div class=\"special-heading-border\"><div class=\"special-heading-inner-border\"><\/div><\/div><\/div><br \/>\n\n<style type=\"text\/css\" data-created_by=\"avia_inline_auto\" id=\"style-css-av-kp4iif20-8a700bb711ab827a551231ec8659f95c\">\n#top .avia-icon-list-container.av-kp4iif20-8a700bb711ab827a551231ec8659f95c .iconlist_icon{\ncolor:#b18a03;\n}\n<\/style>\n<div  class='avia-icon-list-container av-kp4iif20-8a700bb711ab827a551231ec8659f95c  avia-builder-el-4  el_after_av_heading  el_before_av_heading '><ul class='avia-icon-list avia_animate_when_almost_visible avia-icon-list-left av-iconlist-small av-kp4iif20-8a700bb711ab827a551231ec8659f95c avia-iconlist-animate'>\n<li><div class='iconlist_icon av-kp4if1y8-0e77549b0980e00c8d3312a95641f936 avia-font-entypo-fontello'><span class='iconlist-char' aria-hidden='true' data-av_icon='\ue812' data-av_iconfont='entypo-fontello'><\/span><\/div><article class=\"article-icon-entry av-iconlist-empty\"  itemscope=\"itemscope\" itemtype=\"https:\/\/schema.org\/CreativeWork\" ><div class=\"iconlist_content_wrap\"><header class=\"entry-content-header\" aria-label=\"Icon: Programmation scientifique avec les langages modernes: C++ (17\/20),  FORTRAN90\/95\/03\"><div class='av_iconlist_title iconlist_title_small  '  itemprop=\"headline\" >Programmation scientifique avec les langages modernes: C++ (17\/20),  FORTRAN90\/95\/03<\/div><\/header><div class='iconlist_content '  itemprop=\"text\" ><\/div><\/div><footer class=\"entry-footer\"><\/footer><\/article><div class=\"iconlist-timeline\"><\/div><\/li>\n<li><div class='iconlist_icon av-kp4if1y8-0caf4fa6ca40d17dfb91d0b6840d76a0 avia-font-entypo-fontello'><span class='iconlist-char' aria-hidden='true' data-av_icon='\ue812' data-av_iconfont='entypo-fontello'><\/span><\/div><article class=\"article-icon-entry av-iconlist-empty\"  itemscope=\"itemscope\" itemtype=\"https:\/\/schema.org\/CreativeWork\" ><div class=\"iconlist_content_wrap\"><header class=\"entry-content-header\" aria-label=\"Icon:  Programmation 3D (physique et math)\"><div class='av_iconlist_title iconlist_title_small  '  itemprop=\"headline\" > Programmation 3D (physique et math)<\/div><\/header><div class='iconlist_content '  itemprop=\"text\" ><\/div><\/div><footer class=\"entry-footer\"><\/footer><\/article><div class=\"iconlist-timeline\"><\/div><\/li>\n<li><div class='iconlist_icon av-kp4if1y8-be10b99914994650648a0edcec0d9ac5 avia-font-entypo-fontello'><span class='iconlist-char' aria-hidden='true' data-av_icon='\ue812' data-av_iconfont='entypo-fontello'><\/span><\/div><article class=\"article-icon-entry av-iconlist-empty\"  itemscope=\"itemscope\" itemtype=\"https:\/\/schema.org\/CreativeWork\" ><div class=\"iconlist_content_wrap\"><header class=\"entry-content-header\" aria-label=\"Icon: D\u00e9veloppement d\u2019algorithme physique et simulation num\u00e9rique\"><div class='av_iconlist_title iconlist_title_small  '  itemprop=\"headline\" >D\u00e9veloppement d\u2019algorithme physique et simulation num\u00e9rique<\/div><\/header><div class='iconlist_content '  itemprop=\"text\" ><\/div><\/div><footer class=\"entry-footer\"><\/footer><\/article><div class=\"iconlist-timeline\"><\/div><\/li>\n<li><div class='iconlist_icon av-kp4if1y8-7f3aaa146a6bb809b2fb0ef3acc0d08d avia-font-entypo-fontello'><span class='iconlist-char' aria-hidden='true' data-av_icon='\ue812' data-av_iconfont='entypo-fontello'><\/span><\/div><article class=\"article-icon-entry av-iconlist-empty\"  itemscope=\"itemscope\" itemtype=\"https:\/\/schema.org\/CreativeWork\" ><div class=\"iconlist_content_wrap\"><header class=\"entry-content-header\" aria-label=\"Icon:  Migration de code (plusieurs langages, libraries, platformes)\"><div class='av_iconlist_title iconlist_title_small  '  itemprop=\"headline\" > Migration de code (plusieurs langages, libraries, platformes)<\/div><\/header><div class='iconlist_content '  itemprop=\"text\" ><\/div><\/div><footer class=\"entry-footer\"><\/footer><\/article><div class=\"iconlist-timeline\"><\/div><\/li>\n<li><div class='iconlist_icon av-kp4if1y8-80c4c598c12a1f9c5ea2630dbbdfe8c8 avia-font-entypo-fontello'><span class='iconlist-char' aria-hidden='true' data-av_icon='\ue812' data-av_iconfont='entypo-fontello'><\/span><\/div><article class=\"article-icon-entry av-iconlist-empty\"  itemscope=\"itemscope\" itemtype=\"https:\/\/schema.org\/CreativeWork\" ><div class=\"iconlist_content_wrap\"><header class=\"entry-content-header\" aria-label=\"Icon: D\u00e9veloppement de produits technologiques (application industrielle)\"><div class='av_iconlist_title iconlist_title_small  '  itemprop=\"headline\" >D\u00e9veloppement de produits technologiques (application industrielle)<\/div><\/header><div class='iconlist_content '  itemprop=\"text\" ><\/div><\/div><footer class=\"entry-footer\"><\/footer><\/article><div class=\"iconlist-timeline\"><\/div><\/li>\n<\/ul><\/div><br \/>\n\n<style type=\"text\/css\" data-created_by=\"avia_inline_auto\" id=\"style-css-av-kostpy24-567bd068d59f0e34d5212c0631fab6ac\">\n#top .av-special-heading.av-kostpy24-567bd068d59f0e34d5212c0631fab6ac{\npadding-bottom:10px;\n}\nbody .av-special-heading.av-kostpy24-567bd068d59f0e34d5212c0631fab6ac .av-special-heading-tag .heading-char{\nfont-size:25px;\n}\n.av-special-heading.av-kostpy24-567bd068d59f0e34d5212c0631fab6ac .av-subheading{\nfont-size:15px;\n}\n<\/style>\n<div  class='av-special-heading av-kostpy24-567bd068d59f0e34d5212c0631fab6ac av-special-heading-h2 blockquote modern-quote  avia-builder-el-5  el_after_av_iconlist  el_before_av_textblock '><h2 class='av-special-heading-tag '  itemprop=\"headline\"  >Sommaire Professionnel<\/h2><div class=\"special-heading-border\"><div class=\"special-heading-inner-border\"><\/div><\/div><\/div><br \/>\n<section  class='av_textblock_section av-kostqkk0-6c38940d69c9ad45d4af1bf341e8fd2c '   itemscope=\"itemscope\" itemtype=\"https:\/\/schema.org\/CreativeWork\" ><div class='avia_textblock'  itemprop=\"text\" ><p>Professionnel multidisciplinaire avec une formation scientifique jumel\u00e9e \u00e0 plus de 15 ann\u00e9es d\u2019exp\u00e9rience en technologie de l\u2019information. J\u2019ai d\u00e9velopp\u00e9 des applications dans plusieurs domaines de la haute technologie comme contracteur mais \u00e9galement comme employ\u00e9 pour des organisations prestigieuses et de r\u00e9putation mondiale. Expertise dans le d\u00e9veloppement de produits technologiques industriel faisant appel \u00e0 plusieurs champs scientifique ainsi que de leur application technologique (logiciel \u00e0 caract\u00e8re scientifique en simulation).<\/p>\n<\/div><\/section><br \/>\n\n<style type=\"text\/css\" data-created_by=\"avia_inline_auto\" id=\"style-css-av-kox1qf12-afd3d6aa4de9878c3b0562862cdc48d0\">\n.avia-logo-element-container.av-kox1qf12-afd3d6aa4de9878c3b0562862cdc48d0 .av-partner-fake-img{\nbackground-size:cover;\n}\n<\/style>\n<div  class='avia-logo-element-container av-kox1qf12-afd3d6aa4de9878c3b0562862cdc48d0 avia-logo-slider avia-content-slider avia-smallarrow-slider avia-content-slider-active noHover avia-content-slider-odd  avia-builder-el-7  el_after_av_textblock  avia-builder-el-last  av-slideshow-ui av-control-default av-nav-arrows-visible av-nav-dots-visible av-no-slider-navigation av-slideshow-autoplay av-loop-endless av-loop-manual-endless avia-content-slider1' data-slideshow-options=\"{&quot;animation&quot;:&quot;slide&quot;,&quot;autoplay&quot;:true,&quot;loop_autoplay&quot;:&quot;endless&quot;,&quot;interval&quot;:3,&quot;loop_manual&quot;:&quot;manual-endless&quot;,&quot;autoplay_stopper&quot;:false,&quot;noNavigation&quot;:false,&quot;bg_slider&quot;:false,&quot;keep_padding&quot;:&quot;&quot;,&quot;hoverpause&quot;:false,&quot;show_slide_delay&quot;:0}\"><div class='avia-smallarrow-slider-heading  no-logo-slider-heading '><div class='new-special-heading'>&nbsp;<\/div><div class='avia-slideshow-arrows avia-slideshow-controls' ><a href='#prev' class='prev-slide ' aria-hidden='true' data-av_icon='\ue87c' data-av_iconfont='entypo-fontello'  tabindex='-1'>Pr\u00e9c\u00e9dent<\/a><a href='#next' class='next-slide ' aria-hidden='true' data-av_icon='\ue87d' data-av_iconfont='entypo-fontello'  tabindex='-1'>Suivant<\/a><\/div><\/div><div class=\"avia-content-slider-inner\"><div class=\"slide-entry-wrap\"><div  class='slide-entry av-kox1ps7i-9efc99be217305395c64b748a13d926f flex_column no_margin av_one_fifth real-thumbnail post-entry slide-entry-overview slide-loop-1 slide-parity-odd  first'><span class='av-partner-fake-img' style='padding-bottom:43.654822335025%; background-image:url(https:\/\/elligno.com\/wp-content\/uploads\/2021\/05\/autolog1.jpg);'><\/span><\/div><div  class='slide-entry av-kox1pkls-175fc6728aa7236282bbe14f42f20c06 flex_column no_margin av_one_fifth real-thumbnail post-entry slide-entry-overview slide-loop-2 slide-parity-even  '><span class='av-partner-fake-img' style='padding-bottom:43.654822335025%; background-image:url(https:\/\/elligno.com\/wp-content\/uploads\/2021\/05\/aerotek.jpg);'><\/span><\/div><div  class='slide-entry av-av_partner_logo-cbdd0180de77210ae46b2823e902a72f flex_column no_margin av_one_fifth real-thumbnail post-entry slide-entry-overview slide-loop-3 slide-parity-odd  '><span class='av-partner-fake-img' style='padding-bottom:43.654822335025%; background-image:url(https:\/\/elligno.com\/wp-content\/uploads\/2024\/02\/EA_Vancouver-e1707143740840.png);'><\/span><\/div><div  class='slide-entry av-av_partner_logo-d8848a42facede7110441df90472bdf4 flex_column no_margin av_one_fifth real-thumbnail post-entry slide-entry-overview slide-loop-4 slide-parity-even  '><span class='av-partner-fake-img' style='padding-bottom:43.654822335025%; background-image:url(https:\/\/elligno.com\/wp-content\/uploads\/2022\/06\/Barrette_logo.jpg);'><\/span><\/div><div  class='slide-entry av-av_partner_logo-103fc7712c8d68924aee217dd5a3ff4e flex_column no_margin av_one_fifth real-thumbnail post-entry slide-entry-overview slide-loop-5 slide-parity-odd  '><span class='av-partner-fake-img' style='padding-bottom:43.654822335025%; background-image:url(https:\/\/elligno.com\/wp-content\/uploads\/2022\/06\/SESLogo.jpg);'><\/span><\/div><\/div><div class=\"slide-entry-wrap\"><div  class='slide-entry av-av_partner_logo-9abc7c5a6cc7c971591dce24c4b427f8 flex_column no_margin av_one_fifth real-thumbnail post-entry slide-entry-overview slide-loop-6 slide-parity-odd  first'><span class='av-partner-fake-img' style='padding-bottom:43.654822335025%; background-image:url(https:\/\/elligno.com\/wp-content\/uploads\/2022\/06\/L3MAPPSLogo.jpg);'><\/span><\/div><div  class='slide-entry av-av_partner_logo-c1e58bd9710bb4e9191f075d20cef667 flex_column no_margin av_one_fifth real-thumbnail post-entry slide-entry-overview slide-loop-7 slide-parity-even  '><span class='av-partner-fake-img' style='padding-bottom:43.654822335025%; background-image:url(https:\/\/elligno.com\/wp-content\/uploads\/2022\/06\/ZimmerBiomet.png);'><\/span><\/div><div  class='slide-entry av-av_partner_logo-5bb1825321772454e84b29ff1c73f4cb flex_column no_margin av_one_fifth real-thumbnail post-entry slide-entry-overview slide-loop-8 slide-parity-odd  '><span class='av-partner-fake-img' style='padding-bottom:43.654822335025%; background-image:url(https:\/\/elligno.com\/wp-content\/uploads\/2022\/06\/caeLogo.png);'><\/span><\/div><div  class='slide-entry av-av_partner_logo-eb1dd6d64c6018a07bf6a9be476619c8 flex_column no_margin av_one_fifth real-thumbnail post-entry slide-entry-overview slide-loop-9 slide-parity-even  '><span class='av-partner-fake-img' style='padding-bottom:43.654822335025%; background-image:url(https:\/\/elligno.com\/wp-content\/uploads\/2022\/06\/logo-omc.png);'><\/span><\/div><div  class='slide-entry av-av_partner_logo-bf8a6af0616c1407ed4ed30e759ef268 flex_column no_margin av_one_fifth real-thumbnail post-entry slide-entry-overview slide-loop-10 slide-parity-odd  '><span class='av-partner-fake-img' style='padding-bottom:43.654822335025%; background-image:url(https:\/\/elligno.com\/wp-content\/uploads\/2022\/06\/hexagram_logo1.jpg);'><\/span><\/div><\/div><div class=\"slide-entry-wrap\"><div  class='slide-entry av-av_partner_logo-80c06e3ebb2a85e6fbaca5b3a9c38396 flex_column no_margin av_one_fifth real-thumbnail post-entry slide-entry-overview slide-loop-11 slide-parity-odd post-entry-last first'><span class='av-partner-fake-img' style='padding-bottom:43.654822335025%; background-image:url(https:\/\/elligno.com\/wp-content\/uploads\/2022\/06\/2020Tech.png);'><\/span><\/div><\/div><\/div><\/div><\/p><\/div>\n","protected":false},"excerpt":{"rendered":"","protected":false},"author":1,"featured_media":0,"parent":0,"menu_order":0,"comment_status":"closed","ping_status":"closed","template":"","meta":{"footnotes":""},"class_list":["post-2873","page","type-page","status-publish","hentry"],"yoast_head":"<!-- This site is optimized with the Yoast SEO plugin v27.5 - https:\/\/yoast.com\/product\/yoast-seo-wordpress\/ -->\n<title>Accueil - Elligno<\/title>\n<meta name=\"description\" content=\"Programmeur sp\u00e9cialis\u00e9 dans le d\u00e9veloppement d\u2019applications \u00e0 caract\u00e8re scientifique. Expertise avec les langages modernes tels que C++, FORTRAN. Candidat id\u00e9al pour les projets qui requiert une expertise technique et scientifique.\" \/>\n<meta name=\"robots\" content=\"index, follow, max-snippet:-1, max-image-preview:large, max-video-preview:-1\" \/>\n<link rel=\"canonical\" href=\"https:\/\/elligno.com\/fr\/\" \/>\n<meta property=\"og:locale\" content=\"fr_FR\" \/>\n<meta property=\"og:type\" content=\"article\" \/>\n<meta property=\"og:title\" content=\"Accueil - Elligno\" \/>\n<meta property=\"og:description\" content=\"Programmeur sp\u00e9cialis\u00e9 dans le d\u00e9veloppement d\u2019applications \u00e0 caract\u00e8re scientifique. Expertise avec les langages modernes tels que C++, FORTRAN. Candidat id\u00e9al pour les projets qui requiert une expertise technique et scientifique.\" \/>\n<meta property=\"og:url\" content=\"https:\/\/elligno.com\/fr\/\" \/>\n<meta property=\"og:site_name\" content=\"Elligno\" \/>\n<meta property=\"article:modified_time\" content=\"2025-01-29T15:03:24+00:00\" \/>\n<meta name=\"twitter:card\" content=\"summary_large_image\" \/>\n<meta name=\"twitter:label1\" content=\"Dur\u00e9e de lecture estim\u00e9e\" \/>\n\t<meta name=\"twitter:data1\" content=\"1 minute\" \/>\n<script type=\"application\/ld+json\" class=\"yoast-schema-graph\">{\"@context\":\"https:\\\/\\\/schema.org\",\"@graph\":[{\"@type\":\"WebPage\",\"@id\":\"https:\\\/\\\/elligno.com\\\/fr\\\/\",\"url\":\"https:\\\/\\\/elligno.com\\\/fr\\\/\",\"name\":\"Accueil - Elligno\",\"isPartOf\":{\"@id\":\"https:\\\/\\\/elligno.com\\\/fr\\\/#website\"},\"datePublished\":\"2021-05-13T23:59:18+00:00\",\"dateModified\":\"2025-01-29T15:03:24+00:00\",\"description\":\"Programmeur sp\u00e9cialis\u00e9 dans le d\u00e9veloppement d\u2019applications \u00e0 caract\u00e8re scientifique. Expertise avec les langages modernes tels que C++, FORTRAN. Candidat id\u00e9al pour les projets qui requiert une expertise technique et scientifique.\",\"breadcrumb\":{\"@id\":\"https:\\\/\\\/elligno.com\\\/fr\\\/#breadcrumb\"},\"inLanguage\":\"fr-FR\",\"potentialAction\":[{\"@type\":\"ReadAction\",\"target\":[\"https:\\\/\\\/elligno.com\\\/fr\\\/\"]}]},{\"@type\":\"BreadcrumbList\",\"@id\":\"https:\\\/\\\/elligno.com\\\/fr\\\/#breadcrumb\",\"itemListElement\":[{\"@type\":\"ListItem\",\"position\":1,\"name\":\"Home\",\"item\":\"https:\\\/\\\/elligno.com\\\/fr\\\/\"},{\"@type\":\"ListItem\",\"position\":2,\"name\":\"Accueil\"}]},{\"@type\":\"WebSite\",\"@id\":\"https:\\\/\\\/elligno.com\\\/fr\\\/#website\",\"url\":\"https:\\\/\\\/elligno.com\\\/fr\\\/\",\"name\":\"Elligno\",\"description\":\"Site dev elligno\",\"publisher\":{\"@id\":\"https:\\\/\\\/elligno.com\\\/fr\\\/#organization\"},\"potentialAction\":[{\"@type\":\"SearchAction\",\"target\":{\"@type\":\"EntryPoint\",\"urlTemplate\":\"https:\\\/\\\/elligno.com\\\/fr\\\/?s={search_term_string}\"},\"query-input\":{\"@type\":\"PropertyValueSpecification\",\"valueRequired\":true,\"valueName\":\"search_term_string\"}}],\"inLanguage\":\"fr-FR\"},{\"@type\":\"Organization\",\"@id\":\"https:\\\/\\\/elligno.com\\\/fr\\\/#organization\",\"name\":\"Elligno Inc\",\"url\":\"https:\\\/\\\/elligno.com\\\/fr\\\/\",\"logo\":{\"@type\":\"ImageObject\",\"inLanguage\":\"fr-FR\",\"@id\":\"https:\\\/\\\/elligno.com\\\/fr\\\/#\\\/schema\\\/logo\\\/image\\\/\",\"url\":\"https:\\\/\\\/elligno.com\\\/wp-content\\\/uploads\\\/2021\\\/06\\\/favicon.png\",\"contentUrl\":\"https:\\\/\\\/elligno.com\\\/wp-content\\\/uploads\\\/2021\\\/06\\\/favicon.png\",\"width\":256,\"height\":256,\"caption\":\"Elligno Inc\"},\"image\":{\"@id\":\"https:\\\/\\\/elligno.com\\\/fr\\\/#\\\/schema\\\/logo\\\/image\\\/\"}}]}<\/script>\n<!-- \/ Yoast SEO plugin. -->","yoast_head_json":{"title":"Accueil - Elligno","description":"Programmeur sp\u00e9cialis\u00e9 dans le d\u00e9veloppement d\u2019applications \u00e0 caract\u00e8re scientifique. Expertise avec les langages modernes tels que C++, FORTRAN. Candidat id\u00e9al pour les projets qui requiert une expertise technique et scientifique.","robots":{"index":"index","follow":"follow","max-snippet":"max-snippet:-1","max-image-preview":"max-image-preview:large","max-video-preview":"max-video-preview:-1"},"canonical":"https:\/\/elligno.com\/fr\/","og_locale":"fr_FR","og_type":"article","og_title":"Accueil - Elligno","og_description":"Programmeur sp\u00e9cialis\u00e9 dans le d\u00e9veloppement d\u2019applications \u00e0 caract\u00e8re scientifique. Expertise avec les langages modernes tels que C++, FORTRAN. Candidat id\u00e9al pour les projets qui requiert une expertise technique et scientifique.","og_url":"https:\/\/elligno.com\/fr\/","og_site_name":"Elligno","article_modified_time":"2025-01-29T15:03:24+00:00","twitter_card":"summary_large_image","twitter_misc":{"Dur\u00e9e de lecture estim\u00e9e":"1 minute"},"schema":{"@context":"https:\/\/schema.org","@graph":[{"@type":"WebPage","@id":"https:\/\/elligno.com\/fr\/","url":"https:\/\/elligno.com\/fr\/","name":"Accueil - Elligno","isPartOf":{"@id":"https:\/\/elligno.com\/fr\/#website"},"datePublished":"2021-05-13T23:59:18+00:00","dateModified":"2025-01-29T15:03:24+00:00","description":"Programmeur sp\u00e9cialis\u00e9 dans le d\u00e9veloppement d\u2019applications \u00e0 caract\u00e8re scientifique. Expertise avec les langages modernes tels que C++, FORTRAN. Candidat id\u00e9al pour les projets qui requiert une expertise technique et scientifique.","breadcrumb":{"@id":"https:\/\/elligno.com\/fr\/#breadcrumb"},"inLanguage":"fr-FR","potentialAction":[{"@type":"ReadAction","target":["https:\/\/elligno.com\/fr\/"]}]},{"@type":"BreadcrumbList","@id":"https:\/\/elligno.com\/fr\/#breadcrumb","itemListElement":[{"@type":"ListItem","position":1,"name":"Home","item":"https:\/\/elligno.com\/fr\/"},{"@type":"ListItem","position":2,"name":"Accueil"}]},{"@type":"WebSite","@id":"https:\/\/elligno.com\/fr\/#website","url":"https:\/\/elligno.com\/fr\/","name":"Elligno","description":"Site dev elligno","publisher":{"@id":"https:\/\/elligno.com\/fr\/#organization"},"potentialAction":[{"@type":"SearchAction","target":{"@type":"EntryPoint","urlTemplate":"https:\/\/elligno.com\/fr\/?s={search_term_string}"},"query-input":{"@type":"PropertyValueSpecification","valueRequired":true,"valueName":"search_term_string"}}],"inLanguage":"fr-FR"},{"@type":"Organization","@id":"https:\/\/elligno.com\/fr\/#organization","name":"Elligno Inc","url":"https:\/\/elligno.com\/fr\/","logo":{"@type":"ImageObject","inLanguage":"fr-FR","@id":"https:\/\/elligno.com\/fr\/#\/schema\/logo\/image\/","url":"https:\/\/elligno.com\/wp-content\/uploads\/2021\/06\/favicon.png","contentUrl":"https:\/\/elligno.com\/wp-content\/uploads\/2021\/06\/favicon.png","width":256,"height":256,"caption":"Elligno Inc"},"image":{"@id":"https:\/\/elligno.com\/fr\/#\/schema\/logo\/image\/"}}]}},"_links":{"self":[{"href":"https:\/\/elligno.com\/fr\/wp-json\/wp\/v2\/pages\/2873","targetHints":{"allow":["GET"]}}],"collection":[{"href":"https:\/\/elligno.com\/fr\/wp-json\/wp\/v2\/pages"}],"about":[{"href":"https:\/\/elligno.com\/fr\/wp-json\/wp\/v2\/types\/page"}],"author":[{"embeddable":true,"href":"https:\/\/elligno.com\/fr\/wp-json\/wp\/v2\/users\/1"}],"replies":[{"embeddable":true,"href":"https:\/\/elligno.com\/fr\/wp-json\/wp\/v2\/comments?post=2873"}],"version-history":[{"count":0,"href":"https:\/\/elligno.com\/fr\/wp-json\/wp\/v2\/pages\/2873\/revisions"}],"wp:attachment":[{"href":"https:\/\/elligno.com\/fr\/wp-json\/wp\/v2\/media?parent=2873"}],"curies":[{"name":"wp","href":"https:\/\/api.w.org\/{rel}","templated":true}]}}